{"id":1611,"date":"2024-03-02T21:41:45","date_gmt":"2024-03-02T18:41:45","guid":{"rendered":"https:\/\/www.emkagrupas.com\/?page_id=1611"},"modified":"2024-03-02T21:43:13","modified_gmt":"2024-03-02T18:43:13","slug":"servis-degerlendirme-anketi","status":"publish","type":"page","link":"http:\/\/www.emkagrupas.com\/tr_tr\/servis-degerlendirme-anketi\/","title":{"rendered":"Servis De\u011ferlendirme Anketi"},"content":{"rendered":"\t\t<div data-elementor-type=\"wp-page\" data-elementor-id=\"1611\" class=\"elementor elementor-1611\" data-elementor-settings=\"{&quot;ha_cmc_init_switcher&quot;:&quot;no&quot;}\">\n\t\t\t\t\t\t<section class=\"elementor-section elementor-top-section elementor-element elementor-element-23190d0 elementor-section-full_width elementor-section-stretched elementor-section-height-default elementor-section-height-default\" data-id=\"23190d0\" data-element_type=\"section\" data-settings=\"{&quot;stretch_section&quot;:&quot;section-stretched&quot;,&quot;background_background&quot;:&quot;classic&quot;,&quot;_ha_eqh_enable&quot;:false}\">\n\t\t\t\t\t\t\t<div class=\"elementor-background-overlay\"><\/div>\n\t\t\t\t\t\t\t<div class=\"elementor-container elementor-column-gap-default\">\n\t\t\t\t\t<div class=\"elementor-column elementor-col-100 elementor-top-column elementor-element elementor-element-341c387\" data-id=\"341c387\" data-element_type=\"column\">\n\t\t\t<div class=\"elementor-widget-wrap elementor-element-populated\">\n\t\t\t\t\t\t<div class=\"elementor-element elementor-element-9fa6fb2 elementor-widget elementor-widget-heading\" data-id=\"9fa6fb2\" data-element_type=\"widget\" data-widget_type=\"heading.default\">\n\t\t\t\t<div class=\"elementor-widget-container\">\n\t\t\t\t\t<h2 class=\"elementor-heading-title elementor-size-default\">Servis De\u011ferlendirme Anketi<\/h2>\t\t\t\t<\/div>\n\t\t\t\t<\/div>\n\t\t\t\t\t<\/div>\n\t\t<\/div>\n\t\t\t\t\t<\/div>\n\t\t<\/section>\n\t\t\t\t<section class=\"elementor-section elementor-top-section elementor-element elementor-element-0354c25 elementor-section-boxed elementor-section-height-default elementor-section-height-default\" data-id=\"0354c25\" data-element_type=\"section\" data-settings=\"{&quot;_ha_eqh_enable&quot;:false}\">\n\t\t\t\t\t\t<div class=\"elementor-container elementor-column-gap-default\">\n\t\t\t\t\t<div class=\"elementor-column elementor-col-33 elementor-top-column elementor-element elementor-element-77e9bde\" data-id=\"77e9bde\" data-element_type=\"column\">\n\t\t\t<div class=\"elementor-widget-wrap\">\n\t\t\t\t\t\t\t<\/div>\n\t\t<\/div>\n\t\t\t\t<div class=\"elementor-column elementor-col-33 elementor-top-column elementor-element elementor-element-241d320\" data-id=\"241d320\" data-element_type=\"column\">\n\t\t\t<div class=\"elementor-widget-wrap elementor-element-populated\">\n\t\t\t\t\t\t<div class=\"elementor-element elementor-element-cdc55e6 elementor-widget elementor-widget-text-editor\" data-id=\"cdc55e6\" data-element_type=\"widget\" data-widget_type=\"text-editor.default\">\n\t\t\t\t<div class=\"elementor-widget-container\">\n\t\t\t\t\t\t\t\t\t<h3 class=\"form-section__title\"><strong>De\u011ferli M\u00fc\u015fterilerimiz<\/strong><\/h3><p>Haz\u0131rlam\u0131\u015f oldu\u011fumuz anket formuna verece\u011finiz cevaplar neticesinde servis kalitemizi artt\u0131rma imkan\u0131 sa\u011flayacakt\u0131r. Kat\u0131l\u0131m\u0131n\u0131z ve vaktinizi ay\u0131rd\u0131\u011f\u0131n\u0131z i\u00e7in te\u015fekk\u00fcr ederiz.<\/p>\t\t\t\t\t\t\t\t<\/div>\n\t\t\t\t<\/div>\n\t\t\t\t<div class=\"elementor-element elementor-element-4a3ef0b fluent-form-widget-step-header-yes fluent-form-widget-step-progressbar-yes fluentform-widget-submit-button-custom elementor-widget elementor-widget-fluent-form-widget\" data-id=\"4a3ef0b\" data-element_type=\"widget\" data-widget_type=\"fluent-form-widget.default\">\n\t\t\t\t<div class=\"elementor-widget-container\">\n\t\t\t\t\t\n            <div class=\"fluentform-widget-wrapper fluentform-widget-align-default\">\n\n            \n            <div class='fluentform ff-default fluentform_wrapper_6 ffs_default_wrap'><form data-form_id=\"6\" id=\"fluentform_6\" class=\"frm-fluent-form fluent_form_6 ff-el-form-top ff_form_instance_6_1 ff-form-loading ffs_default\" data-form_instance=\"ff_form_instance_6_1\" method=\"POST\" ><fieldset  style=\"border: none!important;margin: 0!important;padding: 0!important;background-color: transparent!important;box-shadow: none!important;outline: none!important; min-inline-size: 100%;\">\n                    <legend class=\"ff_screen_reader_title\" style=\"display: block; margin: 0!important;padding: 0!important;height: 0!important;text-indent: -999999px;width: 0!important;overflow:hidden;\">Servis De\u011ferlendirme Anketi<\/legend><input type='hidden' name='__fluent_form_embded_post_id' value='1611' \/><input type=\"hidden\" id=\"_fluentform_6_fluentformnonce\" name=\"_fluentform_6_fluentformnonce\" value=\"dfd5cf9e98\" \/><input type=\"hidden\" name=\"_wp_http_referer\" value=\"\/tr_tr\/wp-json\/wp\/v2\/pages\/1611\" \/><div class=\"ff-el-group ff-el-section-break  ff_left\" data-name=\"section_break-6_1\" ><h3 class='ff-el-section-title'>Servis De\u011ferlendirme Anketi<\/h3><div class='ff-section_break_desk'><\/div><hr \/><\/div><div class='ff-el-group'><div class=\"ff-el-input--label ff-el-is-required asterisk-right\"><label for='ff_6_dropdown' aria-label=\"1- Hangi \u00dcr\u00fcn\u00fcm\u00fcz Hakk\u0131nda Servis Ald\u0131n\u0131z?\">1- Hangi \u00dcr\u00fcn\u00fcm\u00fcz Hakk\u0131nda Servis Ald\u0131n\u0131z?<\/label><\/div><div class='ff-el-input--content'><select name=\"dropdown\" id=\"ff_6_dropdown\" class=\"ff-el-form-control\" data-name=\"dropdown\" data-calc_value=\"0\"  aria-invalid=\"false\" aria-required=true><option value=\"Kazan\"  >Kazan<\/option><option value=\"Pompa\"  >Pompa<\/option><option value=\"Hidrofor\"  >Hidrofor<\/option><option value=\"Klima\"  >Klima<\/option><option value=\"Br\u00fcl\u00f6r\"  >Br\u00fcl\u00f6r<\/option><option value=\"Kombi\"  >Kombi<\/option><option value=\"Duvar Tipi Yo\u011fu\u015fmal\u0131 Kazan\"  >Duvar Tipi Yo\u011fu\u015fmal\u0131 Kazan<\/option><option value=\"Di\u011fer\"  >Di\u011fer<\/option><\/select><\/div><\/div><div class='ff-el-group'><div class=\"ff-el-input--label ff-el-is-required asterisk-right\"><label  aria-label=\"2- Servisimizin size yakla\u015f\u0131m\u0131 ve genel tavr\u0131\">2- Servisimizin size yakla\u015f\u0131m\u0131 ve genel tavr\u0131<\/label><\/div><div class='ff-el-input--content'><div class='ff-el-form-check ff-el-form-check-'><label class='ff-el-form-check-label' for=checkbox_a3aa63cc6b6cba8c937f4f3d769f7a0f><input  type=\"checkbox\" name=\"checkbox[]\" data-name=\"checkbox\" class=\"ff-el-form-check-input ff-el-form-check-checkbox\" value=\"M\u00fckemmel\"  id='checkbox_a3aa63cc6b6cba8c937f4f3d769f7a0f' aria-label='M\u00fckemmel' aria-invalid='false' aria-required=true> <span>M\u00fckemmel<\/span><\/label><\/div><div class='ff-el-form-check ff-el-form-check-'><label class='ff-el-form-check-label' for=checkbox_c4802c63b354caab04f32c729cb77d31><input  type=\"checkbox\" name=\"checkbox[]\" data-name=\"checkbox\" class=\"ff-el-form-check-input ff-el-form-check-checkbox\" value=\"\u00c7ok \u0130yi\"  id='checkbox_c4802c63b354caab04f32c729cb77d31' aria-label='\u00c7ok \u0130yi' aria-invalid='false' aria-required=true> <span>\u00c7ok \u0130yi<\/span><\/label><\/div><div class='ff-el-form-check ff-el-form-check-'><label class='ff-el-form-check-label' for=checkbox_9558ae42aebb5084d0ddb54be06ff6d3><input  type=\"checkbox\" name=\"checkbox[]\" data-name=\"checkbox\" class=\"ff-el-form-check-input ff-el-form-check-checkbox\" value=\"\u0130yi\"  id='checkbox_9558ae42aebb5084d0ddb54be06ff6d3' aria-label='\u0130yi' aria-invalid='false' aria-required=true> <span>\u0130yi<\/span><\/label><\/div><div class='ff-el-form-check ff-el-form-check-'><label class='ff-el-form-check-label' for=checkbox_7f04f6b073ea8c7e5cb0103cea0de003><input  type=\"checkbox\" name=\"checkbox[]\" data-name=\"checkbox\" class=\"ff-el-form-check-input ff-el-form-check-checkbox\" value=\"K\u00f6t\u00fc\"  id='checkbox_7f04f6b073ea8c7e5cb0103cea0de003' aria-label='K\u00f6t\u00fc' aria-invalid='false' aria-required=true> <span>K\u00f6t\u00fc<\/span><\/label><\/div><div class='ff-el-form-check ff-el-form-check-'><label class='ff-el-form-check-label' for=checkbox_ec5214295d2bc727be8c3bbcf8c49b6f><input  type=\"checkbox\" name=\"checkbox[]\" data-name=\"checkbox\" class=\"ff-el-form-check-input ff-el-form-check-checkbox\" value=\"\u00c7ok K\u00f6t\u00fc\"  id='checkbox_ec5214295d2bc727be8c3bbcf8c49b6f' aria-label='\u00c7ok K\u00f6t\u00fc' aria-invalid='false' aria-required=true> <span>\u00c7ok K\u00f6t\u00fc<\/span><\/label><\/div><\/div><\/div><div class='ff-el-group'><div class=\"ff-el-input--label ff-el-is-required asterisk-right\"><label for='ff_6_description' aria-label=\"3- G\u00f6r\u00fc\u015flerinizi Belirtir Misiniz?\">3- G\u00f6r\u00fc\u015flerinizi Belirtir Misiniz?<\/label><\/div><div class='ff-el-input--content'><textarea aria-invalid=\"false\" aria-required=true name=\"description\" id=\"ff_6_description\" class=\"ff-el-form-control\" rows=\"4\" cols=\"2\" data-name=\"description\" ><\/textarea><\/div><\/div><div class='ff-el-group'><div class=\"ff-el-input--label ff-el-is-required asterisk-right\"><label for='ff_6_description_1' aria-label=\"4- \u00dcr\u00fcnlerimizi\/hizmetlerimizi nas\u0131l geli\u015ftirebiliriz?\">4- \u00dcr\u00fcnlerimizi\/hizmetlerimizi nas\u0131l geli\u015ftirebiliriz?<\/label><\/div><div class='ff-el-input--content'><textarea aria-invalid=\"false\" aria-required=true name=\"description_1\" id=\"ff_6_description_1\" class=\"ff-el-form-control\" rows=\"4\" cols=\"2\" data-name=\"description_1\" ><\/textarea><\/div><\/div><div data-type=\"name-element\" data-name=\"names\" class=\" ff-field_container ff-name-field-wrapper\" ><div class='ff-t-container'><div class='ff-t-cell '><div class='ff-el-group  ff-el-form-top'><div class=\"ff-el-input--label asterisk-right\"><label for='ff_6_names_first_name_' >Ad\u0131n\u0131z<\/label><\/div><div class='ff-el-input--content'><input type=\"text\" name=\"names[first_name]\" id=\"ff_6_names_first_name_\" class=\"ff-el-form-control\" placeholder=\"Ad\u0131n\u0131z...\" aria-invalid=\"false\" aria-required=false><\/div><\/div><\/div><div class='ff-t-cell '><div class='ff-el-group  ff-el-form-top'><div class=\"ff-el-input--label asterisk-right\"><label for='ff_6_names_last_name_' >Soyad\u0131n\u0131z<\/label><\/div><div class='ff-el-input--content'><input type=\"text\" name=\"names[last_name]\" id=\"ff_6_names_last_name_\" class=\"ff-el-form-control\" placeholder=\"Soyad\u0131n\u0131z...\" aria-invalid=\"false\" aria-required=false><\/div><\/div><\/div><\/div><\/div><div data-name=\"ff_cn_id_1\"  class='ff-t-container ff-column-container ff_columns_total_2  '><div class='ff-t-cell ff-t-column-1' style='flex-basis: 50%;'><div class='ff-el-group'><div class=\"ff-el-input--label ff-el-is-required asterisk-right\"><label for='ff_6_email' aria-label=\"E-Posta Adresiniz\">E-Posta Adresiniz<\/label><\/div><div class='ff-el-input--content'><input type=\"email\" name=\"email\" id=\"ff_6_email\" class=\"ff-el-form-control\" placeholder=\"E-Posta Adresiniz\" data-name=\"email\"  aria-invalid=\"false\" aria-required=true><\/div><\/div><\/div><div class='ff-t-cell ff-t-column-2' style='flex-basis: 50%;'><div class='ff-el-group'><div class=\"ff-el-input--label ff-el-is-required asterisk-right\"><label for='ff_6_phone' aria-label=\"Telefon Numaran\u0131z\">Telefon Numaran\u0131z<\/label><\/div><div class='ff-el-input--content'><input name=\"phone\" class=\"ff-el-form-control ff-el-phone\" type=\"tel\" placeholder=\"Telefon Numaran\u0131z\" data-name=\"phone\" id=\"ff_6_phone\" inputmode=\"tel\" ><\/div><\/div><\/div><\/div><div class='ff-el-group ff-text-left ff_submit_btn_wrapper'><button type=\"submit\" class=\"ff-btn ff-btn-submit ff-btn-md ff_btn_style wpf_has_custom_css\" >Anketi G\u00f6nder<\/button><\/div><\/fieldset><\/form><div id='fluentform_6_errors' class='ff-errors-in-stack ff_form_instance_6_1 ff-form-loading_errors ff_form_instance_6_1_errors'><\/div><\/div>        <script type=\"text\/javascript\">\n            window.fluent_form_ff_form_instance_6_1 = {\"id\":\"6\",\"settings\":{\"layout\":{\"labelPlacement\":\"top\",\"helpMessagePlacement\":\"with_label\",\"errorMessagePlacement\":\"inline\",\"cssClassName\":\"\",\"asteriskPlacement\":\"asterisk-right\"},\"restrictions\":{\"denyEmptySubmission\":{\"enabled\":false}}},\"form_instance\":\"ff_form_instance_6_1\",\"form_id_selector\":\"fluentform_6\",\"rules\":{\"dropdown\":{\"required\":{\"value\":true,\"message\":\"This field is required\",\"global\":true,\"global_message\":\"This field is required\"}},\"checkbox\":{\"required\":{\"value\":true,\"message\":\"This field is required\",\"global\":true,\"global_message\":\"This field is required\"}},\"description\":{\"required\":{\"value\":true,\"message\":\"This field is required\",\"global\":true,\"global_message\":\"This field is required\"}},\"description_1\":{\"required\":{\"value\":true,\"message\":\"This field is required\",\"global\":true,\"global_message\":\"This field is required\"}},\"names[first_name]\":{\"required\":{\"value\":false,\"message\":\"This field is required\",\"global_message\":\"This field is required\",\"global\":true}},\"names[middle_name]\":{\"required\":{\"value\":false,\"message\":\"This field is required\",\"global_message\":\"This field is required\",\"global\":true}},\"names[last_name]\":{\"required\":{\"value\":false,\"message\":\"This field is required\",\"global_message\":\"This field is required\",\"global\":true}},\"email\":{\"required\":{\"value\":true,\"message\":\"This field is required\",\"global_message\":\"This field is required\",\"global\":true},\"email\":{\"value\":true,\"message\":\"This field must contain a valid email\",\"global_message\":\"This field must contain a valid email\",\"global\":true}},\"phone\":{\"required\":{\"value\":true,\"message\":\"This field is required\",\"global\":false,\"global_message\":\"This field is required\"},\"valid_phone_number\":{\"value\":false,\"message\":\"Phone number is not valid\",\"global\":false,\"global_message\":\"Phone number is not valid\"}}},\"debounce_time\":300};\n                    <\/script>\n                    <\/div>\n\n            \t\t\t\t<\/div>\n\t\t\t\t<\/div>\n\t\t\t\t\t<\/div>\n\t\t<\/div>\n\t\t\t\t<div class=\"elementor-column elementor-col-33 elementor-top-column elementor-element elementor-element-95afc47\" data-id=\"95afc47\" data-element_type=\"column\">\n\t\t\t<div class=\"elementor-widget-wrap\">\n\t\t\t\t\t\t\t<\/div>\n\t\t<\/div>\n\t\t\t\t\t<\/div>\n\t\t<\/section>\n\t\t\t\t<\/div>\n\t\t","protected":false},"excerpt":{"rendered":"<p>Servis De\u011ferlendirme Anketi De\u011ferli M\u00fc\u015fterilerimiz Haz\u0131rlam\u0131\u015f oldu\u011fumuz anket formuna verece\u011finiz cevaplar neticesinde servis kalitemizi artt\u0131rma imkan\u0131 sa\u011flayacakt\u0131r. Kat\u0131l\u0131m\u0131n\u0131z ve vaktinizi ay\u0131rd\u0131\u011f\u0131n\u0131z i\u00e7in te\u015fekk\u00fcr ederiz. Servis De\u011ferlendirme<span class=\"excerpt-hellip\"> [\u2026]<\/span><\/p>\n","protected":false},"author":1,"featured_media":0,"parent":0,"menu_order":0,"comment_status":"closed","ping_status":"closed","template":"","meta":{"_themeisle_gutenberg_block_has_review":false,"footnotes":""},"class_list":["post-1611","page","type-page","status-publish","hentry"],"_links":{"self":[{"href":"http:\/\/www.emkagrupas.com\/tr_tr\/wp-json\/wp\/v2\/pages\/1611","targetHints":{"allow":["GET"]}}],"collection":[{"href":"http:\/\/www.emkagrupas.com\/tr_tr\/wp-json\/wp\/v2\/pages"}],"about":[{"href":"http:\/\/www.emkagrupas.com\/tr_tr\/wp-json\/wp\/v2\/types\/page"}],"author":[{"embeddable":true,"href":"http:\/\/www.emkagrupas.com\/tr_tr\/wp-json\/wp\/v2\/users\/1"}],"replies":[{"embeddable":true,"href":"http:\/\/www.emkagrupas.com\/tr_tr\/wp-json\/wp\/v2\/comments?post=1611"}],"version-history":[{"count":4,"href":"http:\/\/www.emkagrupas.com\/tr_tr\/wp-json\/wp\/v2\/pages\/1611\/revisions"}],"predecessor-version":[{"id":1615,"href":"http:\/\/www.emkagrupas.com\/tr_tr\/wp-json\/wp\/v2\/pages\/1611\/revisions\/1615"}],"wp:attachment":[{"href":"http:\/\/www.emkagrupas.com\/tr_tr\/wp-json\/wp\/v2\/media?parent=1611"}],"curies":[{"name":"wp","href":"https:\/\/api.w.org\/{rel}","templated":true}]}}