{"id":1731,"date":"2024-04-01T00:06:29","date_gmt":"2024-03-31T21:06:29","guid":{"rendered":"https:\/\/www.emkagrupas.com\/?page_id=1731"},"modified":"2024-04-01T00:09:03","modified_gmt":"2024-03-31T21:09:03","slug":"termoteknik-kombi","status":"publish","type":"page","link":"http:\/\/www.emkagrupas.com\/tr_tr\/termoteknik-kombi\/","title":{"rendered":"Termoteknik Kombi"},"content":{"rendered":"\t\t<div data-elementor-type=\"wp-page\" data-elementor-id=\"1731\" class=\"elementor elementor-1731\" data-elementor-settings=\"{&quot;ha_cmc_init_switcher&quot;:&quot;no&quot;}\">\n\t\t\t\t\t\t<section class=\"elementor-section elementor-top-section elementor-element elementor-element-23190d0 elementor-section-full_width elementor-section-stretched elementor-section-height-default elementor-section-height-default\" data-id=\"23190d0\" data-element_type=\"section\" data-settings=\"{&quot;stretch_section&quot;:&quot;section-stretched&quot;,&quot;background_background&quot;:&quot;classic&quot;,&quot;_ha_eqh_enable&quot;:false}\">\n\t\t\t\t\t\t\t<div class=\"elementor-background-overlay\"><\/div>\n\t\t\t\t\t\t\t<div class=\"elementor-container elementor-column-gap-default\">\n\t\t\t\t\t<div class=\"elementor-column elementor-col-100 elementor-top-column elementor-element elementor-element-341c387\" data-id=\"341c387\" data-element_type=\"column\">\n\t\t\t<div class=\"elementor-widget-wrap elementor-element-populated\">\n\t\t\t\t\t\t<div class=\"elementor-element elementor-element-9fa6fb2 elementor-widget elementor-widget-heading\" data-id=\"9fa6fb2\" data-element_type=\"widget\" data-widget_type=\"heading.default\">\n\t\t\t\t<div class=\"elementor-widget-container\">\n\t\t\t\t\t<h2 class=\"elementor-heading-title elementor-size-default\">Termoteknik Kombi<\/h2>\t\t\t\t<\/div>\n\t\t\t\t<\/div>\n\t\t\t\t\t<\/div>\n\t\t<\/div>\n\t\t\t\t\t<\/div>\n\t\t<\/section>\n\t\t\t\t<section class=\"elementor-section elementor-top-section elementor-element elementor-element-f2c10c6 elementor-section-boxed elementor-section-height-default elementor-section-height-default\" data-id=\"f2c10c6\" data-element_type=\"section\" data-settings=\"{&quot;background_background&quot;:&quot;classic&quot;,&quot;_ha_eqh_enable&quot;:false}\">\n\t\t\t\t\t\t<div class=\"elementor-container elementor-column-gap-default\">\n\t\t\t\t\t<div class=\"elementor-column elementor-col-100 elementor-top-column elementor-element elementor-element-c5ac29d\" data-id=\"c5ac29d\" data-element_type=\"column\">\n\t\t\t<div class=\"elementor-widget-wrap elementor-element-populated\">\n\t\t\t\t\t\t<section class=\"elementor-section elementor-inner-section elementor-element elementor-element-74a49ae elementor-section-boxed elementor-section-height-default elementor-section-height-default\" data-id=\"74a49ae\" data-element_type=\"section\" data-settings=\"{&quot;_ha_eqh_enable&quot;:false}\">\n\t\t\t\t\t\t<div class=\"elementor-container elementor-column-gap-default\">\n\t\t\t\t\t<div class=\"elementor-column elementor-col-50 elementor-inner-column elementor-element elementor-element-522e30d\" data-id=\"522e30d\" data-element_type=\"column\">\n\t\t\t<div class=\"elementor-widget-wrap elementor-element-populated\">\n\t\t\t\t\t\t<div class=\"elementor-element elementor-element-1007607 elementor-widget elementor-widget-spacer\" data-id=\"1007607\" data-element_type=\"widget\" data-widget_type=\"spacer.default\">\n\t\t\t\t<div class=\"elementor-widget-container\">\n\t\t\t\t\t\t\t<div class=\"elementor-spacer\">\n\t\t\t<div class=\"elementor-spacer-inner\"><\/div>\n\t\t<\/div>\n\t\t\t\t\t\t<\/div>\n\t\t\t\t<\/div>\n\t\t\t\t\t<\/div>\n\t\t<\/div>\n\t\t\t\t<div class=\"elementor-column elementor-col-50 elementor-inner-column elementor-element elementor-element-e0344bf\" data-id=\"e0344bf\" data-element_type=\"column\">\n\t\t\t<div class=\"elementor-widget-wrap elementor-element-populated\">\n\t\t\t\t\t\t<div class=\"elementor-element elementor-element-c78326d elementor-widget elementor-widget-spacer\" data-id=\"c78326d\" data-element_type=\"widget\" data-widget_type=\"spacer.default\">\n\t\t\t\t<div class=\"elementor-widget-container\">\n\t\t\t\t\t\t\t<div class=\"elementor-spacer\">\n\t\t\t<div class=\"elementor-spacer-inner\"><\/div>\n\t\t<\/div>\n\t\t\t\t\t\t<\/div>\n\t\t\t\t<\/div>\n\t\t\t\t\t<\/div>\n\t\t<\/div>\n\t\t\t\t\t<\/div>\n\t\t<\/section>\n\t\t\t\t<section class=\"elementor-section elementor-inner-section elementor-element elementor-element-aac591f elementor-section-boxed elementor-section-height-default elementor-section-height-default\" data-id=\"aac591f\" data-element_type=\"section\" data-settings=\"{&quot;_ha_eqh_enable&quot;:false}\">\n\t\t\t\t\t\t<div class=\"elementor-container elementor-column-gap-default\">\n\t\t\t\t\t<div class=\"elementor-column elementor-col-33 elementor-inner-column elementor-element elementor-element-ea8795e\" data-id=\"ea8795e\" data-element_type=\"column\">\n\t\t\t<div class=\"elementor-widget-wrap\">\n\t\t\t\t\t\t\t<\/div>\n\t\t<\/div>\n\t\t\t\t<div class=\"elementor-column elementor-col-33 elementor-inner-column elementor-element elementor-element-a978fff\" data-id=\"a978fff\" data-element_type=\"column\">\n\t\t\t<div class=\"elementor-widget-wrap elementor-element-populated\">\n\t\t\t\t\t\t<div class=\"elementor-element elementor-element-6f6d116 elementor-position-top elementor-widget elementor-widget-image-box\" data-id=\"6f6d116\" data-element_type=\"widget\" data-widget_type=\"image-box.default\">\n\t\t\t\t<div class=\"elementor-widget-container\">\n\t\t\t\t\t<div class=\"elementor-image-box-wrapper\"><figure class=\"elementor-image-box-img\"><a href=\"https:\/\/www.emkagrupas.com\/teklif-iste\/\" target=\"_blank\" tabindex=\"-1\"><img fetchpriority=\"high\" decoding=\"async\" width=\"1265\" height=\"490\" src=\"https:\/\/www.emkagrupas.com\/wp-content\/uploads\/2024\/04\/termoteknik-logicpremix.jpg\" class=\"attachment-full size-full wp-image-1735\" alt=\"\" srcset=\"https:\/\/www.emkagrupas.com\/wp-content\/uploads\/2024\/04\/termoteknik-logicpremix.jpg 1265w, https:\/\/www.emkagrupas.com\/wp-content\/uploads\/2024\/04\/termoteknik-logicpremix-300x116.jpg 300w, https:\/\/www.emkagrupas.com\/wp-content\/uploads\/2024\/04\/termoteknik-logicpremix-1024x397.jpg 1024w, https:\/\/www.emkagrupas.com\/wp-content\/uploads\/2024\/04\/termoteknik-logicpremix-768x297.jpg 768w, https:\/\/www.emkagrupas.com\/wp-content\/uploads\/2024\/04\/termoteknik-logicpremix-260x101.jpg 260w, https:\/\/www.emkagrupas.com\/wp-content\/uploads\/2024\/04\/termoteknik-logicpremix-50x19.jpg 50w, https:\/\/www.emkagrupas.com\/wp-content\/uploads\/2024\/04\/termoteknik-logicpremix-150x58.jpg 150w\" sizes=\"(max-width: 1265px) 100vw, 1265px\" \/><\/a><\/figure><\/div>\t\t\t\t<\/div>\n\t\t\t\t<\/div>\n\t\t\t\t\t<\/div>\n\t\t<\/div>\n\t\t\t\t<div class=\"elementor-column elementor-col-33 elementor-inner-column elementor-element elementor-element-d181817\" data-id=\"d181817\" data-element_type=\"column\">\n\t\t\t<div class=\"elementor-widget-wrap\">\n\t\t\t\t\t\t\t<\/div>\n\t\t<\/div>\n\t\t\t\t\t<\/div>\n\t\t<\/section>\n\t\t\t\t<section class=\"elementor-section elementor-inner-section elementor-element elementor-element-d11e8b0 elementor-section-boxed elementor-section-height-default elementor-section-height-default\" data-id=\"d11e8b0\" data-element_type=\"section\" data-settings=\"{&quot;_ha_eqh_enable&quot;:false}\">\n\t\t\t\t\t\t<div class=\"elementor-container elementor-column-gap-default\">\n\t\t\t\t\t<div class=\"elementor-column elementor-col-33 elementor-inner-column elementor-element elementor-element-df623f5\" data-id=\"df623f5\" data-element_type=\"column\">\n\t\t\t<div class=\"elementor-widget-wrap\">\n\t\t\t\t\t\t\t<\/div>\n\t\t<\/div>\n\t\t\t\t<div class=\"elementor-column elementor-col-33 elementor-inner-column elementor-element elementor-element-050ae41\" data-id=\"050ae41\" data-element_type=\"column\">\n\t\t\t<div class=\"elementor-widget-wrap elementor-element-populated\">\n\t\t\t\t\t\t<div class=\"elementor-element elementor-element-31a41bf elementor-widget elementor-widget-text-editor\" data-id=\"31a41bf\" data-element_type=\"widget\" data-widget_type=\"text-editor.default\">\n\t\t\t\t<div class=\"elementor-widget-container\">\n\t\t\t\t\t\t\t\t\t<div class=\"wpb_column vc_column_container\"><div class=\"vc_column-inner\"><div class=\"wpb_text_column\"><div class=\"wpb_wrapper\"><div class=\"wpb_column vc_column_container\"><div class=\"vc_column-inner\"><div class=\"wpb_text_column\"><div class=\"wpb_wrapper\"><h6>Ev Ahalisinin En Keyifli Hali LOGIC Yo\u011fu\u015fmal\u0131 Kombi<\/h6><p>Farkl\u0131 \u0131s\u0131 kapasitesi ihtiya\u00e7lar\u0131na en ekonomik \u00e7\u00f6z\u00fcm\u00fc sunan LOGIC Premix Yo\u011fu\u015fmal\u0131 Kombi evinizin IDEAL kombisi. \u00dcstelik, hem mutfakta, hem iki ayr\u0131 banyoda ayn\u0131 anda s\u0131cak su ihtiyac\u0131n\u0131z\u0131 kar\u015f\u0131layacak kadar g\u00fc\u00e7l\u00fc. LOGIC`in bu g\u00fcc\u00fc, \u0130ngiltere`de y\u00fcksek teknoloji devi ve benzeri bulunmayan \u00f6d\u00fcll\u00fc IDEAL fabrikalar\u0131nda \u00fcretilmi\u015f olmas\u0131ndan.<\/p><h6>Bir benzerini g\u00f6remeyeceksiniz.<\/h6><p>% 98,7 verim ile LOGIC evinizde maksimum \u0131s\u0131 verimlili\u011fi ve y\u00fcksek kapasitede s\u0131cak su kullan\u0131m\u0131 sunar. K\u0131saca daha fazla \u0131s\u0131y\u0131, daha az faturayla elde edersiniz.<\/p><h6>Verimin \u0130yisi Faturada Belli Olur!<\/h6><p>LOGIC, ayn\u0131 \u0131s\u0131tma ihtiyac\u0131na duyan alanlarda daha az yak\u0131t harcar.<\/p><\/div><\/div><\/div><\/div><div class=\"wpb_column vc_column_container\"><div class=\"vc_column-inner\"><div class=\"wpb_text_column\"><div class=\"wpb_wrapper\"><h6>LOGIC, Yar\u0131m Y\u00fczy\u0131ll\u0131k G\u00fcvence Alt\u0131nda<\/h6><p>Yar\u0131m y\u00fczy\u0131ll\u0131k ba\u015far\u0131 \u00f6yk\u00fcm\u00fcze, 1992 y\u0131l\u0131ndan bu yana Avrupa\u2019da \u00fcretilen \u00f6zel nitelikli kombilerimiz ve T\u00fcrkiye`nin 7 co\u011frafi b\u00f6lgesine yay\u0131lm\u0131\u015f uzman servis a\u011f\u0131m\u0131z ile devam ediyoruz. LOGIC kombiniz, Termo Teknik uzman servis ekibiyle her zaman g\u00fcvende.<\/p><h6>5 Y\u0131l Garanti<\/h6><p>\u00dcstelik \u015fimdi, ilk \u00e7al\u0131\u015ft\u0131rmas\u0131 30 Haziran 2024\u2018e kadar tamamlanan LOGIC kombiler, 5 y\u0131l garanti hediyeli.<\/p><\/div><\/div><\/div><\/div><\/div><\/div><\/div><\/div>\t\t\t\t\t\t\t\t<\/div>\n\t\t\t\t<\/div>\n\t\t\t\t\t<\/div>\n\t\t<\/div>\n\t\t\t\t<div class=\"elementor-column elementor-col-33 elementor-inner-column elementor-element elementor-element-d96fd45\" data-id=\"d96fd45\" data-element_type=\"column\">\n\t\t\t<div class=\"elementor-widget-wrap\">\n\t\t\t\t\t\t\t<\/div>\n\t\t<\/div>\n\t\t\t\t\t<\/div>\n\t\t<\/section>\n\t\t\t\t<section class=\"elementor-section elementor-inner-section elementor-element elementor-element-05dc2c5 elementor-section-boxed elementor-section-height-default elementor-section-height-default\" data-id=\"05dc2c5\" data-element_type=\"section\" data-settings=\"{&quot;_ha_eqh_enable&quot;:false}\">\n\t\t\t\t\t\t<div class=\"elementor-container elementor-column-gap-default\">\n\t\t\t\t\t<div class=\"elementor-column elementor-col-33 elementor-inner-column elementor-element elementor-element-93619d0\" data-id=\"93619d0\" data-element_type=\"column\">\n\t\t\t<div class=\"elementor-widget-wrap\">\n\t\t\t\t\t\t\t<\/div>\n\t\t<\/div>\n\t\t\t\t<div class=\"elementor-column elementor-col-33 elementor-inner-column elementor-element elementor-element-ee90aaf\" data-id=\"ee90aaf\" data-element_type=\"column\">\n\t\t\t<div class=\"elementor-widget-wrap elementor-element-populated\">\n\t\t\t\t\t\t<div class=\"elementor-element elementor-element-22c82eb elementor-widget elementor-widget-text-editor\" data-id=\"22c82eb\" data-element_type=\"widget\" data-widget_type=\"text-editor.default\">\n\t\t\t\t<div class=\"elementor-widget-container\">\n\t\t\t\t\t\t\t\t\t<div class=\"wpb_column vc_column_container\"><div class=\"vc_column-inner\"><div class=\"wpb_text_column\"><div class=\"wpb_wrapper\"><div class=\"g-cols wpb_row via_grid cols_1 laptops-cols_inherit tablets-cols_inherit mobiles-cols_1 valign_top type_default stacking_default\"><div class=\"wpb_column vc_column_container\"><div class=\"vc_column-inner\"><div class=\"wpb_text_column\"><div class=\"wpb_wrapper\"><div class=\"g-cols wpb_row via_grid cols_1 laptops-cols_inherit tablets-cols_inherit mobiles-cols_1 valign_top type_default stacking_default\"><div class=\"wpb_column vc_column_container\"><div class=\"vc_column-inner\"><div class=\"wpb_text_column\"><div class=\"wpb_wrapper\"><h5>Teknik \u00d6zellikler<\/h5><\/div><\/div><\/div><\/div><\/div><div class=\"g-cols wpb_row via_grid cols_2 laptops-cols_inherit tablets-cols_inherit mobiles-cols_1 valign_top type_default stacking_default\"><div class=\"wpb_column vc_column_container\"><div class=\"vc_column-inner\"><div class=\"wpb_text_column\"><div class=\"wpb_wrapper\"><p><strong>\u2022 Daha y\u00fcksek verim; \u00e7evre dostu tasar\u0131m:<\/strong>\u00a0S\u0131n\u0131f\u0131n\u0131n en d\u00fc\u015f\u00fck at\u0131k gaz aral\u0131\u011f\u0131nda (NOx S\u0131n\u0131f ******); % 98,7 verim.<br \/><strong>\u2022 Y\u00fcksek s\u0131cak su kapasitesi:<\/strong>\u00a0Dakikada 20 lt (\u2206t=20\u2019de) ile ayn\u0131 anda iki muslukta kesintisiz s\u0131cak su keyfi.<br \/><strong>\u2022 Maksimum enerji tasarrufu:<\/strong>\u00a0LOGIC, kapasitesinin %24\u2019\u00fcne kadar d\u00fc\u015ferek sadece ihtiya\u00e7 duydu\u011funuz kadar yak\u0131t harcar.<br \/><strong>\u2022 \u0130ki farkl\u0131 kapasite se\u00e7ene\u011fi:<\/strong>\u00a026\/35 kW ve 31\/35 kW se\u00e7eneklerinden ihtiyac\u0131n\u0131za uygun olan\u0131 se\u00e7in.<\/p><\/div><\/div><\/div><\/div><div class=\"wpb_column vc_column_container\"><div class=\"vc_column-inner\"><div class=\"wpb_text_column\"><div class=\"wpb_wrapper\"><p><strong>\u2022 Premix br\u00fcl\u00f6r:<\/strong>\u00a0% 98,7 verim sa\u011flayan premix br\u00fcl\u00f6r.<br \/><strong>\u2022 Dar mekanlara bile s\u0131\u011fan k\u00fc\u00e7\u00fck boyutlar &amp; dar montaj mesafesi:<\/strong>\u00a0Sadece 39,5 cm geni\u015fli\u011fi ve 2,5 mm. montaj mesafesi ile mutfak gibi dar alanlarda bile kolay kurulum.<br \/><strong>\u2022 LCD ekran:<\/strong> Kullan\u0131m suyu s\u0131cakl\u0131\u011f\u0131n\u0131 40-65\u00b0C; tesisat suyu s\u0131cakl\u0131\u011f\u0131n\u0131 30-80\u00b0C aral\u0131\u011f\u0131nda kontrol etme olana\u011f\u0131 sunan ve ar\u0131za tespiti g\u00f6steren \u00f6n ekran.<\/p><\/div><\/div><\/div><\/div><\/div><\/div><\/div><\/div><\/div><\/div><\/div><\/div><\/div><\/div>\t\t\t\t\t\t\t\t<\/div>\n\t\t\t\t<\/div>\n\t\t\t\t\t<\/div>\n\t\t<\/div>\n\t\t\t\t<div class=\"elementor-column elementor-col-33 elementor-inner-column elementor-element elementor-element-e69aca5\" data-id=\"e69aca5\" data-element_type=\"column\">\n\t\t\t<div class=\"elementor-widget-wrap\">\n\t\t\t\t\t\t\t<\/div>\n\t\t<\/div>\n\t\t\t\t\t<\/div>\n\t\t<\/section>\n\t\t\t\t\t<\/div>\n\t\t<\/div>\n\t\t\t\t\t<\/div>\n\t\t<\/section>\n\t\t\t\t<\/div>\n\t\t","protected":false},"excerpt":{"rendered":"<p>Termoteknik Kombi Ev Ahalisinin En Keyifli Hali LOGIC Yo\u011fu\u015fmal\u0131 Kombi Farkl\u0131 \u0131s\u0131 kapasitesi ihtiya\u00e7lar\u0131na en ekonomik \u00e7\u00f6z\u00fcm\u00fc sunan LOGIC Premix Yo\u011fu\u015fmal\u0131 Kombi evinizin IDEAL kombisi. \u00dcstelik,<span class=\"excerpt-hellip\"> [\u2026]<\/span><\/p>\n","protected":false},"author":1,"featured_media":0,"parent":0,"menu_order":0,"comment_status":"closed","ping_status":"closed","template":"","meta":{"_themeisle_gutenberg_block_has_review":false,"footnotes":""},"class_list":["post-1731","page","type-page","status-publish","hentry"],"_links":{"self":[{"href":"http:\/\/www.emkagrupas.com\/tr_tr\/wp-json\/wp\/v2\/pages\/1731","targetHints":{"allow":["GET"]}}],"collection":[{"href":"http:\/\/www.emkagrupas.com\/tr_tr\/wp-json\/wp\/v2\/pages"}],"about":[{"href":"http:\/\/www.emkagrupas.com\/tr_tr\/wp-json\/wp\/v2\/types\/page"}],"author":[{"embeddable":true,"href":"http:\/\/www.emkagrupas.com\/tr_tr\/wp-json\/wp\/v2\/users\/1"}],"replies":[{"embeddable":true,"href":"http:\/\/www.emkagrupas.com\/tr_tr\/wp-json\/wp\/v2\/comments?post=1731"}],"version-history":[{"count":5,"href":"http:\/\/www.emkagrupas.com\/tr_tr\/wp-json\/wp\/v2\/pages\/1731\/revisions"}],"predecessor-version":[{"id":1901,"href":"http:\/\/www.emkagrupas.com\/tr_tr\/wp-json\/wp\/v2\/pages\/1731\/revisions\/1901"}],"wp:attachment":[{"href":"http:\/\/www.emkagrupas.com\/tr_tr\/wp-json\/wp\/v2\/media?parent=1731"}],"curies":[{"name":"wp","href":"https:\/\/api.w.org\/{rel}","templated":true}]}}