{"id":1725,"date":"2024-03-31T23:59:42","date_gmt":"2024-03-31T20:59:42","guid":{"rendered":"https:\/\/www.emkagrupas.com\/?page_id=1725"},"modified":"2024-04-01T00:02:50","modified_gmt":"2024-03-31T21:02:50","slug":"termoteknik-yogusmali-kazanlar","status":"publish","type":"page","link":"https:\/\/www.emkagrupas.com\/en\/termoteknik-yogusmali-kazanlar\/","title":{"rendered":"Termoteknik Condensing Boilers"},"content":{"rendered":"<div data-elementor-type=\"wp-page\" data-elementor-id=\"1725\" class=\"elementor elementor-1725\" data-elementor-settings=\"{&quot;ha_cmc_init_switcher&quot;:&quot;no&quot;}\">\n\t\t\t\t\t\t<section class=\"elementor-section elementor-top-section elementor-element elementor-element-23190d0 elementor-section-full_width elementor-section-stretched elementor-section-height-default elementor-section-height-default\" data-id=\"23190d0\" data-element_type=\"section\" data-settings=\"{&quot;stretch_section&quot;:&quot;section-stretched&quot;,&quot;background_background&quot;:&quot;classic&quot;,&quot;_ha_eqh_enable&quot;:false}\">\n\t\t\t\t\t\t\t<div class=\"elementor-background-overlay\"><\/div>\n\t\t\t\t\t\t\t<div class=\"elementor-container elementor-column-gap-default\">\n\t\t\t\t\t<div class=\"elementor-column elementor-col-100 elementor-top-column elementor-element elementor-element-341c387\" data-id=\"341c387\" data-element_type=\"column\">\n\t\t\t<div class=\"elementor-widget-wrap elementor-element-populated\">\n\t\t\t\t\t\t<div class=\"elementor-element elementor-element-9fa6fb2 elementor-widget elementor-widget-heading\" data-id=\"9fa6fb2\" data-element_type=\"widget\" data-widget_type=\"heading.default\">\n\t\t\t\t<div class=\"elementor-widget-container\">\n\t\t\t\t\t<h2 class=\"elementor-heading-title elementor-size-default\">Termoteknik<\/h2>\t\t\t\t<\/div>\n\t\t\t\t<\/div>\n\t\t\t\t\t<\/div>\n\t\t<\/div>\n\t\t\t\t\t<\/div>\n\t\t<\/section>\n\t\t\t\t<section class=\"elementor-section elementor-top-section elementor-element elementor-element-f2c10c6 elementor-section-boxed elementor-section-height-default elementor-section-height-default\" data-id=\"f2c10c6\" data-element_type=\"section\" data-settings=\"{&quot;background_background&quot;:&quot;classic&quot;,&quot;_ha_eqh_enable&quot;:false}\">\n\t\t\t\t\t\t<div class=\"elementor-container elementor-column-gap-default\">\n\t\t\t\t\t<div class=\"elementor-column elementor-col-100 elementor-top-column elementor-element elementor-element-c5ac29d\" data-id=\"c5ac29d\" data-element_type=\"column\">\n\t\t\t<div class=\"elementor-widget-wrap elementor-element-populated\">\n\t\t\t\t\t\t<section class=\"elementor-section elementor-inner-section elementor-element elementor-element-74a49ae elementor-section-boxed elementor-section-height-default elementor-section-height-default\" data-id=\"74a49ae\" data-element_type=\"section\" data-settings=\"{&quot;_ha_eqh_enable&quot;:false}\">\n\t\t\t\t\t\t<div class=\"elementor-container elementor-column-gap-default\">\n\t\t\t\t\t<div class=\"elementor-column elementor-col-50 elementor-inner-column elementor-element elementor-element-522e30d\" data-id=\"522e30d\" data-element_type=\"column\">\n\t\t\t<div class=\"elementor-widget-wrap elementor-element-populated\">\n\t\t\t\t\t\t<div class=\"elementor-element elementor-element-1007607 elementor-widget elementor-widget-spacer\" data-id=\"1007607\" data-element_type=\"widget\" data-widget_type=\"spacer.default\">\n\t\t\t\t<div class=\"elementor-widget-container\">\n\t\t\t\t\t\t\t<div class=\"elementor-spacer\">\n\t\t\t<div class=\"elementor-spacer-inner\"><\/div>\n\t\t<\/div>\n\t\t\t\t\t\t<\/div>\n\t\t\t\t<\/div>\n\t\t\t\t\t<\/div>\n\t\t<\/div>\n\t\t\t\t<div class=\"elementor-column elementor-col-50 elementor-inner-column elementor-element elementor-element-e0344bf\" data-id=\"e0344bf\" data-element_type=\"column\">\n\t\t\t<div class=\"elementor-widget-wrap elementor-element-populated\">\n\t\t\t\t\t\t<div class=\"elementor-element elementor-element-c78326d elementor-widget elementor-widget-spacer\" data-id=\"c78326d\" data-element_type=\"widget\" data-widget_type=\"spacer.default\">\n\t\t\t\t<div class=\"elementor-widget-container\">\n\t\t\t\t\t\t\t<div class=\"elementor-spacer\">\n\t\t\t<div class=\"elementor-spacer-inner\"><\/div>\n\t\t<\/div>\n\t\t\t\t\t\t<\/div>\n\t\t\t\t<\/div>\n\t\t\t\t\t<\/div>\n\t\t<\/div>\n\t\t\t\t\t<\/div>\n\t\t<\/section>\n\t\t\t\t<section class=\"elementor-section elementor-inner-section elementor-element elementor-element-aac591f elementor-section-boxed elementor-section-height-default elementor-section-height-default\" data-id=\"aac591f\" data-element_type=\"section\" data-settings=\"{&quot;_ha_eqh_enable&quot;:false}\">\n\t\t\t\t\t\t<div class=\"elementor-container elementor-column-gap-default\">\n\t\t\t\t\t<div class=\"elementor-column elementor-col-33 elementor-inner-column elementor-element elementor-element-ea8795e\" data-id=\"ea8795e\" data-element_type=\"column\">\n\t\t\t<div class=\"elementor-widget-wrap\">\n\t\t\t\t\t\t\t<\/div>\n\t\t<\/div>\n\t\t\t\t<div class=\"elementor-column elementor-col-33 elementor-inner-column elementor-element elementor-element-a978fff\" data-id=\"a978fff\" data-element_type=\"column\">\n\t\t\t<div class=\"elementor-widget-wrap elementor-element-populated\">\n\t\t\t\t\t\t<div class=\"elementor-element elementor-element-6f6d116 elementor-position-top elementor-widget elementor-widget-image-box\" data-id=\"6f6d116\" data-element_type=\"widget\" data-widget_type=\"image-box.default\">\n\t\t\t\t<div class=\"elementor-widget-container\">\n\t\t\t\t\t<div class=\"elementor-image-box-wrapper\"><figure class=\"elementor-image-box-img\"><a href=\"https:\/\/www.emkagrupas.com\/en\/teklif-iste\/\" target=\"_blank\" tabindex=\"-1\"><img fetchpriority=\"high\" decoding=\"async\" width=\"1500\" height=\"581\" src=\"https:\/\/www.emkagrupas.com\/wp-content\/uploads\/2024\/04\/termoteknik-evomax2.jpg\" class=\"attachment-full size-full wp-image-1727\" alt=\"\" srcset=\"https:\/\/www.emkagrupas.com\/wp-content\/uploads\/2024\/04\/termoteknik-evomax2.jpg 1500w, https:\/\/www.emkagrupas.com\/wp-content\/uploads\/2024\/04\/termoteknik-evomax2-300x116.jpg 300w, https:\/\/www.emkagrupas.com\/wp-content\/uploads\/2024\/04\/termoteknik-evomax2-1024x397.jpg 1024w, https:\/\/www.emkagrupas.com\/wp-content\/uploads\/2024\/04\/termoteknik-evomax2-768x297.jpg 768w, https:\/\/www.emkagrupas.com\/wp-content\/uploads\/2024\/04\/termoteknik-evomax2-260x101.jpg 260w, https:\/\/www.emkagrupas.com\/wp-content\/uploads\/2024\/04\/termoteknik-evomax2-50x19.jpg 50w, https:\/\/www.emkagrupas.com\/wp-content\/uploads\/2024\/04\/termoteknik-evomax2-150x58.jpg 150w\" sizes=\"(max-width: 1500px) 100vw, 1500px\" \/><\/a><\/figure><\/div>\t\t\t\t<\/div>\n\t\t\t\t<\/div>\n\t\t\t\t\t<\/div>\n\t\t<\/div>\n\t\t\t\t<div class=\"elementor-column elementor-col-33 elementor-inner-column elementor-element elementor-element-d181817\" data-id=\"d181817\" data-element_type=\"column\">\n\t\t\t<div class=\"elementor-widget-wrap\">\n\t\t\t\t\t\t\t<\/div>\n\t\t<\/div>\n\t\t\t\t\t<\/div>\n\t\t<\/section>\n\t\t\t\t<section class=\"elementor-section elementor-inner-section elementor-element elementor-element-d11e8b0 elementor-section-boxed elementor-section-height-default elementor-section-height-default\" data-id=\"d11e8b0\" data-element_type=\"section\" data-settings=\"{&quot;_ha_eqh_enable&quot;:false}\">\n\t\t\t\t\t\t<div class=\"elementor-container elementor-column-gap-default\">\n\t\t\t\t\t<div class=\"elementor-column elementor-col-33 elementor-inner-column elementor-element elementor-element-df623f5\" data-id=\"df623f5\" data-element_type=\"column\">\n\t\t\t<div class=\"elementor-widget-wrap\">\n\t\t\t\t\t\t\t<\/div>\n\t\t<\/div>\n\t\t\t\t<div class=\"elementor-column elementor-col-33 elementor-inner-column elementor-element elementor-element-050ae41\" data-id=\"050ae41\" data-element_type=\"column\">\n\t\t\t<div class=\"elementor-widget-wrap elementor-element-populated\">\n\t\t\t\t\t\t<div class=\"elementor-element elementor-element-31a41bf elementor-widget elementor-widget-text-editor\" data-id=\"31a41bf\" data-element_type=\"widget\" data-widget_type=\"text-editor.default\">\n\t\t\t\t<div class=\"elementor-widget-container\">\n\t\t\t\t\t\t\t\t\t<div class=\"wpb_column vc_column_container\"><div class=\"vc_column-inner\"><div class=\"wpb_text_column\"><div class=\"wpb_wrapper\"><h6>Merkezi \u0131s\u0131tmada her kapasiteye verimli \u00e7\u00f6z\u00fcm<\/h6><p>Merkezi \u0131s\u0131tma ihtiya\u00e7lar\u0131nda her kapasiteye verimli \u00e7\u00f6z\u00fcmler sunan EVOMAX 2 kazanlar, sahip oldu\u011fu geni\u015f \u00fcr\u00fcn yelpazesi ile bireysel villa, toplu konut, okul, sanayi ve hastane gibi k\u00fc\u00e7\u00fckten b\u00fcy\u00fc\u011fe \u00e7ok geni\u015f bir alanda en do\u011fru sistem yap\u0131land\u0131rmas\u0131n\u0131 sunar.<\/p><p>Tek ba\u015f\u0131na bir tek kazan ile bireysel kullan\u0131mda veya kaskad yap\u0131land\u0131r\u0131larak olu\u015fturabilen sistem \u00e7\u00f6z\u00fcm\u00fc, EVOMAX 2\u2019nin t\u00fcm kapasite ihtiya\u00e7lar\u0131na en verimli yan\u0131t\u0131 verebilmesinin s\u0131rr\u0131d\u0131r.<\/p><p>EVOMAX 2 \u00fcr\u00fcn yelpazesi, i\u015fletme maliyetlerini de d\u00fc\u015f\u00fck tutmak i\u00e7in % 97,2\u2019ye varan mevsimsel verimlilikle \u00e7al\u0131\u015f\u0131r ve S\u0131n\u0131f 6 de\u011ferinde (56 mg\/kWh alt\u0131) d\u00fc\u015f\u00fck emisyon de\u011ferleri ile \u00e7evre dostudur.<\/p><p>Plakal\u0131 e\u015fanj\u00f6re ihtiya\u00e7 duymadan y\u00fcksek binalarda ve toplu konutlarda maxsimum 6 bar\u2019a kadar \u00e7al\u0131\u015fma bas\u0131nc\u0131 imkan\u0131 sunar.<\/p><p>Kaliteli komponent birle\u015fimi ve Dahili at\u0131k gaz geri ak\u0131m klapesi \u00f6zelli\u011fi ile , 3 y\u0131l garantili EVOMAX 2\u2019nin \u00fcst\u00fcn kalitesinin ve ba\u015far\u0131l\u0131 teknik tasar\u0131m\u0131n\u0131n g\u00f6stergelerindendir.<\/p><\/div><\/div><\/div><\/div><div class=\"wpb_column vc_column_container\"><div class=\"vc_column-inner\"><div class=\"wpb_text_column\"><div class=\"wpb_wrapper\"><p>Bir tesisat\u0131n maliyetini ve genel y\u00fcksekli\u011fini, harici olarak tak\u0131lan baca klapesine k\u0131yasla azaltan kaskad baca kurulumlar\u0131 i\u00e7in kritik bir g\u00fcvenlik \u00f6zelli\u011fi olan\u00a0<strong>at\u0131k gaz geri ak\u0131m klapesi cihaz\u0131n i\u00e7inde dahili olarak bulunmaktad\u0131r.<\/strong><\/p><p>Varican mod\u00fcl\u00fc cihazlar\u0131n s\u0131ral\u0131 devreye girmesini sa\u011flarken, basit soketli yap\u0131s\u0131 ile karma\u015f\u0131k kaskad kontrol sistemi olmadan ba\u011f\u0131ms\u0131z olarak master kazan \u00fczerinden di\u011fer yard\u0131mc\u0131 kazanlar\u0131n \u0131s\u0131 talebine g\u00f6re mod\u00fclasyonlu olarak \u00e7al\u0131\u015fmas\u0131n\u0131 sa\u011flar.<\/p><p>Kaskad uygulamalarda planlamay\u0131 ve kurulumu kolayla\u015ft\u0131ran tek bir en ve y\u00fckseklik \u00f6l\u00e7\u00fcs\u00fc, EVOMAX 2\u2019nin t\u00fcm kapasite tipleri i\u00e7in ge\u00e7erlidir.<\/p><p>Evomax 2\u2019nin yeniden tasarlanm\u0131\u015f \u00f6n ve yan olmak \u00fczere 3 taraf\u0131ndan a\u00e7\u0131labilen kapaklar\u0131 sayesinde servis ve bak\u0131m i\u00e7in cihaz i\u00e7erisine eri\u015fim kolayl\u0131\u011f\u0131 sunar.<\/p><\/div><\/div><\/div><\/div>\t\t\t\t\t\t\t\t<\/div>\n\t\t\t\t<\/div>\n\t\t\t\t\t<\/div>\n\t\t<\/div>\n\t\t\t\t<div class=\"elementor-column elementor-col-33 elementor-inner-column elementor-element elementor-element-d96fd45\" data-id=\"d96fd45\" data-element_type=\"column\">\n\t\t\t<div class=\"elementor-widget-wrap\">\n\t\t\t\t\t\t\t<\/div>\n\t\t<\/div>\n\t\t\t\t\t<\/div>\n\t\t<\/section>\n\t\t\t\t<section class=\"elementor-section elementor-inner-section elementor-element elementor-element-05dc2c5 elementor-section-boxed elementor-section-height-default elementor-section-height-default\" data-id=\"05dc2c5\" data-element_type=\"section\" data-settings=\"{&quot;_ha_eqh_enable&quot;:false}\">\n\t\t\t\t\t\t<div class=\"elementor-container elementor-column-gap-default\">\n\t\t\t\t\t<div class=\"elementor-column elementor-col-33 elementor-inner-column elementor-element elementor-element-93619d0\" data-id=\"93619d0\" data-element_type=\"column\">\n\t\t\t<div class=\"elementor-widget-wrap\">\n\t\t\t\t\t\t\t<\/div>\n\t\t<\/div>\n\t\t\t\t<div class=\"elementor-column elementor-col-33 elementor-inner-column elementor-element elementor-element-ee90aaf\" data-id=\"ee90aaf\" data-element_type=\"column\">\n\t\t\t<div class=\"elementor-widget-wrap elementor-element-populated\">\n\t\t\t\t\t\t<div class=\"elementor-element elementor-element-22c82eb elementor-widget elementor-widget-text-editor\" data-id=\"22c82eb\" data-element_type=\"widget\" data-widget_type=\"text-editor.default\">\n\t\t\t\t<div class=\"elementor-widget-container\">\n\t\t\t\t\t\t\t\t\t<div class=\"wpb_column vc_column_container\"><div class=\"vc_column-inner\"><div class=\"wpb_text_column\"><div class=\"wpb_wrapper\"><div class=\"g-cols wpb_row via_grid cols_1 laptops-cols_inherit tablets-cols_inherit mobiles-cols_1 valign_top type_default stacking_default\"><div class=\"wpb_column vc_column_container\"><div class=\"vc_column-inner\"><div class=\"wpb_text_column\"><div class=\"wpb_wrapper\"><h5>Teknik \u00d6zellikler<\/h5><\/div><\/div><div class=\"w-separator size_small\">\u2022 Geni\u015f kapasite se\u00e7ene\u011fi (42, 65, 90, 105, 125, 160 kW)<\/div><\/div><\/div><\/div><div class=\"g-cols wpb_row via_grid cols_2 laptops-cols_inherit tablets-cols_inherit mobiles-cols_1 valign_top type_default stacking_default\"><div class=\"wpb_column vc_column_container\"><div class=\"vc_column-inner\"><div class=\"wpb_text_column\"><div class=\"wpb_wrapper\"><p>\u2022 2020 HVR \u00d6d\u00fclleri\u2019nde y\u0131l\u0131n Ticari\/End\u00fcstriyel Is\u0131tma \u00dcr\u00fcn\u00fc \u00d6d\u00fcl\u00fc<br \/>\u2022 Korozyona dayan\u0131kl\u0131, ba\u011flant\u0131lar\u0131 g\u00fc\u00e7lendirilmi\u015f, hafif, tek par\u00e7al\u0131 AlSi-Mg d\u00f6k\u00fcm e\u015fanj\u00f6r<br \/>\u2022 D\u00fc\u015f\u00fck i\u015fletme maliyetlerinde y\u00fcksek mevsimsel verimlilik<br \/>\u2022 5:1 mod\u00fclasyon oran\u0131<br \/>\u2022 D\u00fc\u015f\u00fck emisyon de\u011ferleri ile \u00e7evreci Nox Class 6<br \/>\u2022 Kompakt yap\u0131, kolay montaj i\u00e7in tek bir en ve y\u00fckseklik de\u011feri<br \/>\u2022 Maxsimum \u00e7al\u0131\u015fma bas\u0131nc\u0131 6 bar<\/p><\/div><\/div><\/div><\/div><div class=\"wpb_column vc_column_container\"><div class=\"vc_column-inner\"><div class=\"wpb_text_column\"><div class=\"wpb_wrapper\"><p>\u2022 Dahili at\u0131k gaz geri ak\u0131m klapesi<br \/>\u2022 Kolay kullan\u0131labilir LCD T\u00fcrk\u00e7e ekran<br \/>\u2022 Kal\u0131n izolasyon sayesinde d\u00fc\u015f\u00fck ses seviyesi<br \/>\u2022 Kaliteli birle\u015fen se\u00e7imi<br \/>\u2022 Frekans kontroll\u00fc fan ile y\u00fcksek yanma verimi<br \/>\u2022 G\u00fcne\u015f kollekt\u00f6rleri ve kazan\u0131n entegre \u00e7al\u0131\u015fmas\u0131n\u0131 sa\u011flayan kaskad kontrol paneli<br \/>\u2022 Kompakt \u00f6l\u00e7\u00fcs\u00fc ve tek cihazda 160 kW kapasite se\u00e7ene\u011fi,16\u00d7160 toplamda 2.560 kW\/h ile daha k\u00fc\u00e7\u00fck hacimli ve daha b\u00fcy\u00fck kapasiteli kazan daireleri<br \/>\u2022 \u00dcst\u00fcn kalitenin g\u00f6stergesi standart 3 y\u0131l garanti<\/p><\/div><\/div><\/div><\/div><\/div><\/div><\/div><\/div><\/div>\t\t\t\t\t\t\t\t<\/div>\n\t\t\t\t<\/div>\n\t\t\t\t\t<\/div>\n\t\t<\/div>\n\t\t\t\t<div class=\"elementor-column elementor-col-33 elementor-inner-column elementor-element elementor-element-e69aca5\" data-id=\"e69aca5\" data-element_type=\"column\">\n\t\t\t<div class=\"elementor-widget-wrap\">\n\t\t\t\t\t\t\t<\/div>\n\t\t<\/div>\n\t\t\t\t\t<\/div>\n\t\t<\/section>\n\t\t\t\t\t<\/div>\n\t\t<\/div>\n\t\t\t\t\t<\/div>\n\t\t<\/section>\n\t\t\t\t<\/div>","protected":false},"excerpt":{"rendered":"<p>Termoteknik Merkezi \u0131s\u0131tmada her kapasiteye verimli \u00e7\u00f6z\u00fcm Merkezi \u0131s\u0131tma ihtiya\u00e7lar\u0131nda her kapasiteye verimli \u00e7\u00f6z\u00fcmler sunan EVOMAX 2 kazanlar, sahip oldu\u011fu geni\u015f \u00fcr\u00fcn yelpazesi ile bireysel villa,<span class=\"excerpt-hellip\"> [\u2026]<\/span><\/p>","protected":false},"author":1,"featured_media":0,"parent":0,"menu_order":0,"comment_status":"closed","ping_status":"closed","template":"","meta":{"_themeisle_gutenberg_block_has_review":false,"footnotes":""},"class_list":["post-1725","page","type-page","status-publish","hentry"],"_links":{"self":[{"href":"https:\/\/www.emkagrupas.com\/en\/wp-json\/wp\/v2\/pages\/1725","targetHints":{"allow":["GET"]}}],"collection":[{"href":"https:\/\/www.emkagrupas.com\/en\/wp-json\/wp\/v2\/pages"}],"about":[{"href":"https:\/\/www.emkagrupas.com\/en\/wp-json\/wp\/v2\/types\/page"}],"author":[{"embeddable":true,"href":"https:\/\/www.emkagrupas.com\/en\/wp-json\/wp\/v2\/users\/1"}],"replies":[{"embeddable":true,"href":"https:\/\/www.emkagrupas.com\/en\/wp-json\/wp\/v2\/comments?post=1725"}],"version-history":[{"count":5,"href":"https:\/\/www.emkagrupas.com\/en\/wp-json\/wp\/v2\/pages\/1725\/revisions"}],"predecessor-version":[{"id":1864,"href":"https:\/\/www.emkagrupas.com\/en\/wp-json\/wp\/v2\/pages\/1725\/revisions\/1864"}],"wp:attachment":[{"href":"https:\/\/www.emkagrupas.com\/en\/wp-json\/wp\/v2\/media?parent=1725"}],"curies":[{"name":"wp","href":"https:\/\/api.w.org\/{rel}","templated":true}]}}