{"id":1917,"date":"2024-12-23T15:58:38","date_gmt":"2024-12-23T12:58:38","guid":{"rendered":"https:\/\/www.emkagrupas.com\/?page_id=1917"},"modified":"2025-01-01T23:44:28","modified_gmt":"2025-01-01T20:44:28","slug":"blog-ve-projeler","status":"publish","type":"page","link":"https:\/\/www.emkagrupas.com\/en\/blog-ve-projeler\/","title":{"rendered":"Blog ve Projeler"},"content":{"rendered":"<div data-elementor-type=\"wp-page\" data-elementor-id=\"1917\" class=\"elementor elementor-1917\" data-elementor-settings=\"{&quot;ha_cmc_init_switcher&quot;:&quot;no&quot;}\">\n\t\t\t\t\t\t<section class=\"elementor-section elementor-top-section elementor-element elementor-element-78585caf elementor-section-content-middle elementor-section-boxed elementor-section-height-default elementor-section-height-default\" data-id=\"78585caf\" data-element_type=\"section\" data-settings=\"{&quot;_ha_eqh_enable&quot;:false}\">\n\t\t\t\t\t\t<div class=\"elementor-container elementor-column-gap-no\">\n\t\t\t\t\t<div class=\"elementor-column elementor-col-100 elementor-top-column elementor-element elementor-element-1434e754\" data-id=\"1434e754\" data-element_type=\"column\">\n\t\t\t<div class=\"elementor-widget-wrap elementor-element-populated\">\n\t\t\t\t\t\t<div class=\"elementor-element elementor-element-6fad5136 elementor-widget elementor-widget-heading\" data-id=\"6fad5136\" data-element_type=\"widget\" data-widget_type=\"heading.default\">\n\t\t\t\t<div class=\"elementor-widget-container\">\n\t\t\t\t\t<h4 class=\"elementor-heading-title elementor-size-default\">Emka Blog and Projects<\/h4>\t\t\t\t<\/div>\n\t\t\t\t<\/div>\n\t\t\t\t<section class=\"elementor-section elementor-inner-section elementor-element elementor-element-39cd0b1d elementor-section-content-middle elementor-section-boxed elementor-section-height-default elementor-section-height-default\" data-id=\"39cd0b1d\" data-element_type=\"section\" data-settings=\"{&quot;_ha_eqh_enable&quot;:false}\">\n\t\t\t\t\t\t<div class=\"elementor-container elementor-column-gap-no\">\n\t\t\t\t\t<div class=\"elementor-column elementor-col-50 elementor-inner-column elementor-element elementor-element-489a7c0b\" data-id=\"489a7c0b\" data-element_type=\"column\">\n\t\t\t<div class=\"elementor-widget-wrap elementor-element-populated\">\n\t\t\t\t\t\t<div class=\"elementor-element elementor-element-5ed12b7d elementor-position-top elementor-widget elementor-widget-image-box\" data-id=\"5ed12b7d\" data-element_type=\"widget\" data-widget_type=\"image-box.default\">\n\t\t\t\t<div class=\"elementor-widget-container\">\n\t\t\t\t\t<div class=\"elementor-image-box-wrapper\"><figure class=\"elementor-image-box-img\"><a href=\"https:\/\/www.emkagrupas.com\/en\/endustriyel-cozumlerle-gelecegi-sekillendiriyoruz\/\" tabindex=\"-1\"><img fetchpriority=\"high\" decoding=\"async\" width=\"277\" height=\"300\" src=\"https:\/\/www.emkagrupas.com\/wp-content\/uploads\/2024\/12\/emkagrupas-blog1-277x300.jpg\" class=\"attachment-medium size-medium wp-image-1914\" alt=\"\" srcset=\"https:\/\/www.emkagrupas.com\/wp-content\/uploads\/2024\/12\/emkagrupas-blog1-277x300.jpg 277w, https:\/\/www.emkagrupas.com\/wp-content\/uploads\/2024\/12\/emkagrupas-blog1-11x12.jpg 11w, https:\/\/www.emkagrupas.com\/wp-content\/uploads\/2024\/12\/emkagrupas-blog1-135x146.jpg 135w, https:\/\/www.emkagrupas.com\/wp-content\/uploads\/2024\/12\/emkagrupas-blog1-46x50.jpg 46w, https:\/\/www.emkagrupas.com\/wp-content\/uploads\/2024\/12\/emkagrupas-blog1-69x75.jpg 69w, https:\/\/www.emkagrupas.com\/wp-content\/uploads\/2024\/12\/emkagrupas-blog1.jpg 717w\" sizes=\"(max-width: 277px) 100vw, 277px\" \/><\/a><\/figure><div class=\"elementor-image-box-content\"><h4 class=\"elementor-image-box-title\"><a href=\"https:\/\/www.emkagrupas.com\/en\/endustriyel-cozumlerle-gelecegi-sekillendiriyoruz\/\">We Shape the Future with Industrial Solutions<\/a><\/h4><p class=\"elementor-image-box-description\">Founded in 1999, Emka Grup has managed to become one of the leading companies in the sector with its experience of over 25 years. Initially operating in the field of electrical automation and panel assembly, Emka Group ...<\/p><\/div><\/div>\t\t\t\t<\/div>\n\t\t\t\t<\/div>\n\t\t\t\t\t<\/div>\n\t\t<\/div>\n\t\t\t\t<div class=\"elementor-column elementor-col-50 elementor-inner-column elementor-element elementor-element-c3c03f5\" data-id=\"c3c03f5\" data-element_type=\"column\">\n\t\t\t<div class=\"elementor-widget-wrap elementor-element-populated\">\n\t\t\t\t\t\t<div class=\"elementor-element elementor-element-2b39444 elementor-position-top elementor-widget elementor-widget-image-box\" data-id=\"2b39444\" data-element_type=\"widget\" data-widget_type=\"image-box.default\">\n\t\t\t\t<div class=\"elementor-widget-container\">\n\t\t\t\t\t<div class=\"elementor-image-box-wrapper\"><figure class=\"elementor-image-box-img\"><a href=\"https:\/\/www.emkagrupas.com\/en\/ankara-kazan-soda-projesi\/\" tabindex=\"-1\"><img decoding=\"async\" width=\"285\" height=\"300\" src=\"https:\/\/www.emkagrupas.com\/wp-content\/uploads\/2024\/12\/emkagrupas-kazansoda-285x300.jpg\" class=\"attachment-medium size-medium wp-image-1923\" alt=\"\" srcset=\"https:\/\/www.emkagrupas.com\/wp-content\/uploads\/2024\/12\/emkagrupas-kazansoda-285x300.jpg 285w, https:\/\/www.emkagrupas.com\/wp-content\/uploads\/2024\/12\/emkagrupas-kazansoda-11x12.jpg 11w, https:\/\/www.emkagrupas.com\/wp-content\/uploads\/2024\/12\/emkagrupas-kazansoda-139x146.jpg 139w, https:\/\/www.emkagrupas.com\/wp-content\/uploads\/2024\/12\/emkagrupas-kazansoda-48x50.jpg 48w, https:\/\/www.emkagrupas.com\/wp-content\/uploads\/2024\/12\/emkagrupas-kazansoda-71x75.jpg 71w, https:\/\/www.emkagrupas.com\/wp-content\/uploads\/2024\/12\/emkagrupas-kazansoda.jpg 648w\" sizes=\"(max-width: 285px) 100vw, 285px\" \/><\/a><\/figure><div class=\"elementor-image-box-content\"><h4 class=\"elementor-image-box-title\"><a href=\"https:\/\/www.emkagrupas.com\/en\/ankara-kazan-soda-projesi\/\">Ankara Kazan Soda Factory Modernization Project<\/a><\/h4><p class=\"elementor-image-box-description\">As a company that has proven its expertise in energy and mechanical systems, Emka Mekanik once again demonstrated its leadership in the field of industrial modernization with the innovative project it carried out at the Ankara Kazan Soda Factory.<\/p><\/div><\/div>\t\t\t\t<\/div>\n\t\t\t\t<\/div>\n\t\t\t\t\t<\/div>\n\t\t<\/div>\n\t\t\t\t\t<\/div>\n\t\t<\/section>\n\t\t\t\t<section class=\"elementor-section elementor-inner-section elementor-element elementor-element-4fc5cd1 elementor-section-content-middle elementor-section-boxed elementor-section-height-default elementor-section-height-default\" data-id=\"4fc5cd1\" data-element_type=\"section\" data-settings=\"{&quot;_ha_eqh_enable&quot;:false}\">\n\t\t\t\t\t\t<div class=\"elementor-container elementor-column-gap-no\">\n\t\t\t\t\t<div class=\"elementor-column elementor-col-50 elementor-inner-column elementor-element elementor-element-55fe41f\" data-id=\"55fe41f\" data-element_type=\"column\">\n\t\t\t<div class=\"elementor-widget-wrap elementor-element-populated\">\n\t\t\t\t\t\t<div class=\"elementor-element elementor-element-5c5ca53 elementor-position-top elementor-widget elementor-widget-image-box\" data-id=\"5c5ca53\" data-element_type=\"widget\" data-widget_type=\"image-box.default\">\n\t\t\t\t<div class=\"elementor-widget-container\">\n\t\t\t\t\t<div class=\"elementor-image-box-wrapper\"><figure class=\"elementor-image-box-img\"><a href=\"https:\/\/www.emkagrupas.com\/en\/afyon-cimento-fabrikasi-sintine-yakma-projesi\/\" tabindex=\"-1\"><img decoding=\"async\" width=\"272\" height=\"300\" src=\"https:\/\/www.emkagrupas.com\/wp-content\/uploads\/2024\/12\/emkagrupas-afyoncimento-272x300.jpg\" class=\"attachment-medium size-medium wp-image-1929\" alt=\"\" srcset=\"https:\/\/www.emkagrupas.com\/wp-content\/uploads\/2024\/12\/emkagrupas-afyoncimento-272x300.jpg 272w, https:\/\/www.emkagrupas.com\/wp-content\/uploads\/2024\/12\/emkagrupas-afyoncimento-11x12.jpg 11w, https:\/\/www.emkagrupas.com\/wp-content\/uploads\/2024\/12\/emkagrupas-afyoncimento-132x146.jpg 132w, https:\/\/www.emkagrupas.com\/wp-content\/uploads\/2024\/12\/emkagrupas-afyoncimento-45x50.jpg 45w, https:\/\/www.emkagrupas.com\/wp-content\/uploads\/2024\/12\/emkagrupas-afyoncimento-68x75.jpg 68w, https:\/\/www.emkagrupas.com\/wp-content\/uploads\/2024\/12\/emkagrupas-afyoncimento.jpg 454w\" sizes=\"(max-width: 272px) 100vw, 272px\" \/><\/a><\/figure><div class=\"elementor-image-box-content\"><h4 class=\"elementor-image-box-title\"><a href=\"https:\/\/www.emkagrupas.com\/en\/afyon-cimento-fabrikasi-sintine-yakma-projesi\/\">Afyon Cement Factory Bilge Combustion System Modernization Project<\/a><\/h4><p class=\"elementor-image-box-description\">Emka Mekanik olarak, end\u00fcstriyel tesislerde y\u00fcksek verimlilik ve g\u00fcvenilir \u00e7\u00f6z\u00fcmler sunma\nkonusundaki liderli\u011fimizi, Afyon \u00c7imento Fabrikas\u0131\u2019ndaki sintine yakma sistemi modernizasyon projesi ile bir kez daha peki\u015ftirdik.<\/p><\/div><\/div>\t\t\t\t<\/div>\n\t\t\t\t<\/div>\n\t\t\t\t\t<\/div>\n\t\t<\/div>\n\t\t\t\t<div class=\"elementor-column elementor-col-50 elementor-inner-column elementor-element elementor-element-5c341ea\" data-id=\"5c341ea\" data-element_type=\"column\">\n\t\t\t<div class=\"elementor-widget-wrap\">\n\t\t\t\t\t\t\t<\/div>\n\t\t<\/div>\n\t\t\t\t\t<\/div>\n\t\t<\/section>\n\t\t\t\t\t<\/div>\n\t\t<\/div>\n\t\t\t\t\t<\/div>\n\t\t<\/section>\n\t\t\t\t<\/div>","protected":false},"excerpt":{"rendered":"<p>Emka Blog ve Projeler End\u00fcstriyel \u00c7\u00f6z\u00fcmlerle Gelece\u011fi \u015eekillendiriyoruz 1999 y\u0131l\u0131nda kurulan Emka Grup, 25 y\u0131l\u0131 a\u015fk\u0131n deneyimiyle sekt\u00f6rdeki lider firmalardan biri olmay\u0131 ba\u015farm\u0131\u015ft\u0131r. Ba\u015flang\u0131\u00e7ta elektrik otomasyonu<span class=\"excerpt-hellip\"> [\u2026]<\/span><\/p>","protected":false},"author":1,"featured_media":0,"parent":0,"menu_order":0,"comment_status":"closed","ping_status":"closed","template":"","meta":{"_themeisle_gutenberg_block_has_review":false,"footnotes":""},"class_list":["post-1917","page","type-page","status-publish","hentry"],"_links":{"self":[{"href":"https:\/\/www.emkagrupas.com\/en\/wp-json\/wp\/v2\/pages\/1917","targetHints":{"allow":["GET"]}}],"collection":[{"href":"https:\/\/www.emkagrupas.com\/en\/wp-json\/wp\/v2\/pages"}],"about":[{"href":"https:\/\/www.emkagrupas.com\/en\/wp-json\/wp\/v2\/types\/page"}],"author":[{"embeddable":true,"href":"https:\/\/www.emkagrupas.com\/en\/wp-json\/wp\/v2\/users\/1"}],"replies":[{"embeddable":true,"href":"https:\/\/www.emkagrupas.com\/en\/wp-json\/wp\/v2\/comments?post=1917"}],"version-history":[{"count":26,"href":"https:\/\/www.emkagrupas.com\/en\/wp-json\/wp\/v2\/pages\/1917\/revisions"}],"predecessor-version":[{"id":2000,"href":"https:\/\/www.emkagrupas.com\/en\/wp-json\/wp\/v2\/pages\/1917\/revisions\/2000"}],"wp:attachment":[{"href":"https:\/\/www.emkagrupas.com\/en\/wp-json\/wp\/v2\/media?parent=1917"}],"curies":[{"name":"wp","href":"https:\/\/api.w.org\/{rel}","templated":true}]}}