{"id":1428,"date":"2024-01-31T15:23:08","date_gmt":"2024-01-31T12:23:08","guid":{"rendered":"https:\/\/www.emkagrupas.com\/?page_id=1428"},"modified":"2024-01-31T15:24:47","modified_gmt":"2024-01-31T12:24:47","slug":"bakim-hizmetleri","status":"publish","type":"page","link":"https:\/\/www.emkagrupas.com\/tr_tr\/bakim-hizmetleri\/","title":{"rendered":"Bak\u0131m Hizmetleri"},"content":{"rendered":"\t\t<div data-elementor-type=\"wp-page\" data-elementor-id=\"1428\" class=\"elementor elementor-1428\" data-elementor-settings=\"{&quot;ha_cmc_init_switcher&quot;:&quot;no&quot;}\">\n\t\t\t\t\t\t<section class=\"elementor-section elementor-top-section elementor-element elementor-element-23190d0 elementor-section-full_width elementor-section-stretched elementor-section-height-default elementor-section-height-default\" data-id=\"23190d0\" data-element_type=\"section\" data-settings=\"{&quot;stretch_section&quot;:&quot;section-stretched&quot;,&quot;background_background&quot;:&quot;classic&quot;,&quot;_ha_eqh_enable&quot;:false}\">\n\t\t\t\t\t\t\t<div class=\"elementor-background-overlay\"><\/div>\n\t\t\t\t\t\t\t<div class=\"elementor-container elementor-column-gap-default\">\n\t\t\t\t\t<div class=\"elementor-column elementor-col-100 elementor-top-column elementor-element elementor-element-341c387\" data-id=\"341c387\" data-element_type=\"column\">\n\t\t\t<div class=\"elementor-widget-wrap elementor-element-populated\">\n\t\t\t\t\t\t<div class=\"elementor-element elementor-element-9fa6fb2 elementor-widget elementor-widget-heading\" data-id=\"9fa6fb2\" data-element_type=\"widget\" data-widget_type=\"heading.default\">\n\t\t\t\t<div class=\"elementor-widget-container\">\n\t\t\t\t\t<h2 class=\"elementor-heading-title elementor-size-default\">Bak\u0131m Hizmetleri<\/h2>\t\t\t\t<\/div>\n\t\t\t\t<\/div>\n\t\t\t\t\t<\/div>\n\t\t<\/div>\n\t\t\t\t\t<\/div>\n\t\t<\/section>\n\t\t\t\t<section class=\"elementor-section elementor-top-section elementor-element elementor-element-2141d7d elementor-section-boxed elementor-section-height-default elementor-section-height-default\" data-id=\"2141d7d\" data-element_type=\"section\" data-settings=\"{&quot;_ha_eqh_enable&quot;:false}\">\n\t\t\t\t\t\t<div class=\"elementor-container elementor-column-gap-default\">\n\t\t\t\t\t<div class=\"elementor-column elementor-col-50 elementor-top-column elementor-element elementor-element-1ce9907\" data-id=\"1ce9907\" data-element_type=\"column\">\n\t\t\t<div class=\"elementor-widget-wrap elementor-element-populated\">\n\t\t\t\t\t\t<div class=\"elementor-element elementor-element-982814a ha-has-bg-overlay elementor-widget elementor-widget-heading\" data-id=\"982814a\" data-element_type=\"widget\" data-widget_type=\"heading.default\">\n\t\t\t\t<div class=\"elementor-widget-container\">\n\t\t\t\t\t<h4 class=\"elementor-heading-title elementor-size-medium\">Sat\u0131\u015f Sonras\u0131 Hizmetlerimiz<\/h4>\t\t\t\t<\/div>\n\t\t\t\t<\/div>\n\t\t\t\t<div class=\"elementor-element elementor-element-5016436 elementor-nav-menu--dropdown-none elementor-widget elementor-widget-nav-menu\" data-id=\"5016436\" data-element_type=\"widget\" data-settings=\"{&quot;layout&quot;:&quot;vertical&quot;,&quot;submenu_icon&quot;:{&quot;value&quot;:&quot;&lt;i class=\\&quot;fas fa-caret-down\\&quot;&gt;&lt;\\\/i&gt;&quot;,&quot;library&quot;:&quot;fa-solid&quot;}}\" data-widget_type=\"nav-menu.default\">\n\t\t\t\t<div class=\"elementor-widget-container\">\n\t\t\t\t\t\t\t\t<nav migration_allowed=\"1\" migrated=\"0\" role=\"navigation\" class=\"elementor-nav-menu--main elementor-nav-menu__container elementor-nav-menu--layout-vertical e--pointer-underline e--animation-fade\">\n\t\t\t\t<ul id=\"menu-1-5016436\" class=\"elementor-nav-menu sm-vertical\"><li class=\"menu-item menu-item-type-post_type menu-item-object-page menu-item-706\"><a href=\"https:\/\/www.emkagrupas.com\/tr_tr\/servis-devreye-alma-talebi\/\" class=\"elementor-item\">Servis Devreye Alma Talebi<\/a><\/li>\n<li class=\"menu-item menu-item-type-post_type menu-item-object-page menu-item-1415\"><a href=\"https:\/\/www.emkagrupas.com\/tr_tr\/servis-ariza-sikayet-bildirimi\/\" class=\"elementor-item\">Servis Ar\u0131za\/\u015eikayet Bildirimi<\/a><\/li>\n<li class=\"menu-item menu-item-type-post_type menu-item-object-page menu-item-1424\"><a href=\"https:\/\/www.emkagrupas.com\/tr_tr\/garanti-sartlari\/\" class=\"elementor-item\">Garanti \u015eartlar\u0131<\/a><\/li>\n<li class=\"menu-item menu-item-type-post_type menu-item-object-page menu-item-1436\"><a href=\"https:\/\/www.emkagrupas.com\/tr_tr\/bakim-hizmetleri\/\" class=\"elementor-item\">Bak\u0131m Hizmetleri<\/a><\/li>\n<li class=\"menu-item menu-item-type-post_type menu-item-object-page menu-item-1442\"><a href=\"https:\/\/www.emkagrupas.com\/tr_tr\/yetkili-servislikler\/\" class=\"elementor-item\">Yetkili Servislikler<\/a><\/li>\n<\/ul>\t\t\t<\/nav>\n\t\t\t\t\t<div class=\"elementor-menu-toggle\" role=\"button\" tabindex=\"0\" aria-label=\"Menu Toggle\" aria-expanded=\"false\">\n\t\t\t<i aria-hidden=\"true\" role=\"presentation\" class=\"elementor-menu-toggle__icon--open eicon-menu-bar\"><\/i><i aria-hidden=\"true\" role=\"presentation\" class=\"elementor-menu-toggle__icon--close eicon-close\"><\/i>\t\t\t<span class=\"elementor-screen-only\">Menu<\/span>\n\t\t<\/div>\n\t\t\t<nav class=\"elementor-nav-menu--dropdown elementor-nav-menu__container\" role=\"navigation\" aria-hidden=\"true\">\n\t\t\t\t<ul id=\"menu-2-5016436\" class=\"elementor-nav-menu sm-vertical\"><li class=\"menu-item menu-item-type-post_type menu-item-object-page menu-item-706\"><a href=\"https:\/\/www.emkagrupas.com\/tr_tr\/servis-devreye-alma-talebi\/\" class=\"elementor-item\" tabindex=\"-1\">Servis Devreye Alma Talebi<\/a><\/li>\n<li class=\"menu-item menu-item-type-post_type menu-item-object-page menu-item-1415\"><a href=\"https:\/\/www.emkagrupas.com\/tr_tr\/servis-ariza-sikayet-bildirimi\/\" class=\"elementor-item\" tabindex=\"-1\">Servis Ar\u0131za\/\u015eikayet Bildirimi<\/a><\/li>\n<li class=\"menu-item menu-item-type-post_type menu-item-object-page menu-item-1424\"><a href=\"https:\/\/www.emkagrupas.com\/tr_tr\/garanti-sartlari\/\" class=\"elementor-item\" tabindex=\"-1\">Garanti \u015eartlar\u0131<\/a><\/li>\n<li class=\"menu-item menu-item-type-post_type menu-item-object-page menu-item-1436\"><a href=\"https:\/\/www.emkagrupas.com\/tr_tr\/bakim-hizmetleri\/\" class=\"elementor-item\" tabindex=\"-1\">Bak\u0131m Hizmetleri<\/a><\/li>\n<li class=\"menu-item menu-item-type-post_type menu-item-object-page menu-item-1442\"><a href=\"https:\/\/www.emkagrupas.com\/tr_tr\/yetkili-servislikler\/\" class=\"elementor-item\" tabindex=\"-1\">Yetkili Servislikler<\/a><\/li>\n<\/ul>\t\t\t<\/nav>\n\t\t\t\t\t\t<\/div>\n\t\t\t\t<\/div>\n\t\t\t\t\t<\/div>\n\t\t<\/div>\n\t\t\t\t<div class=\"elementor-column elementor-col-50 elementor-top-column elementor-element elementor-element-929b1b2\" data-id=\"929b1b2\" data-element_type=\"column\">\n\t\t\t<div class=\"elementor-widget-wrap elementor-element-populated\">\n\t\t\t\t\t\t<div class=\"elementor-element elementor-element-337876c elementor-widget elementor-widget-heading\" data-id=\"337876c\" data-element_type=\"widget\" data-widget_type=\"heading.default\">\n\t\t\t\t<div class=\"elementor-widget-container\">\n\t\t\t\t\t<h3 class=\"elementor-heading-title elementor-size-default\">Bak\u0131m Hizmetleri<\/h3>\t\t\t\t<\/div>\n\t\t\t\t<\/div>\n\t\t\t\t<div class=\"elementor-element elementor-element-c08a001 elementor-widget elementor-widget-text-editor\" data-id=\"c08a001\" data-element_type=\"widget\" data-widget_type=\"text-editor.default\">\n\t\t\t\t<div class=\"elementor-widget-container\">\n\t\t\t\t\t\t\t\t\t<p>De\u011ferli M\u00fc\u015fterimiz,<\/p><p>Cihaz\u0131n\u0131z\u0131n, devreye al\u0131m tarihinden itibaren kullan\u0131m s\u0131kl\u0131\u011f\u0131 da dikkate al\u0131narak periyodik bak\u0131mlar\u0131n\u0131n yap\u0131lmas\u0131n\u0131 \u00f6neriyoruz.<\/p><h4>Neden Periyodik Bak\u0131m Yapt\u0131r\u0131lmal\u0131?<\/h4><ul><li>Yak\u0131t tasarrufu sa\u011flan\u0131r,<\/li><li>Cihaz\u0131n\u0131z\u0131n kullan\u0131m \u00f6mr\u00fc uzar,<\/li><li>Olas\u0131 ar\u0131zalar en aza iner,<\/li><li>G\u00fcvenlik ve emniyet sistemlerinin d\u00fczenli olarak kontrolleri yap\u0131lm\u0131\u015f olur.<\/li><\/ul><h4>Ne Zaman Yapt\u0131r\u0131lmal\u0131?<\/h4><ul><li>Hava s\u0131cakl\u0131klar\u0131 hissedilir \u015fekilde de\u011fi\u015fim g\u00f6sterdi\u011finde,<\/li><li>Cihaz uzun zaman duru\u015f yapm\u0131\u015fsa ve tekrar \u00e7al\u0131\u015ft\u0131r\u0131laca\u011f\u0131 zamanlarda,<\/li><li>Cihaz\u0131n do\u011fru \u00e7al\u0131\u015fmad\u0131\u011f\u0131na dair \u015f\u00fcphe duydu\u011funuz durumlarda,<\/li><li>6 ayl\u0131k, sezonluk veya y\u0131ll\u0131k bak\u0131m ihtiyac\u0131 oldu\u011funda.<\/li><\/ul><h4>Cihaz Bak\u0131m\u0131 Kimlere Yapt\u0131r\u0131lmal\u0131?<\/h4><p>Cihaz\u0131n\u0131z\u0131n bak\u0131m\u0131; konunun uzman\u0131 olan yetkili servisler taraf\u0131ndan yap\u0131lmal\u0131d\u0131r. Bak\u0131m i\u015flemleri ile ilgili detayl\u0131 bilgilendirmeye kullanma kitap\u00e7\u0131klar\u0131m\u0131zdan ula\u015fabilirsiniz.<\/p>\t\t\t\t\t\t\t\t<\/div>\n\t\t\t\t<\/div>\n\t\t\t\t\t<\/div>\n\t\t<\/div>\n\t\t\t\t\t<\/div>\n\t\t<\/section>\n\t\t\t\t<\/div>\n\t\t","protected":false},"excerpt":{"rendered":"<p>Bak\u0131m Hizmetleri Sat\u0131\u015f Sonras\u0131 Hizmetlerimiz Bak\u0131m Hizmetleri De\u011ferli M\u00fc\u015fterimiz, Cihaz\u0131n\u0131z\u0131n, devreye al\u0131m tarihinden itibaren kullan\u0131m s\u0131kl\u0131\u011f\u0131 da dikkate al\u0131narak periyodik bak\u0131mlar\u0131n\u0131n yap\u0131lmas\u0131n\u0131 \u00f6neriyoruz. Neden Periyodik Bak\u0131m<span class=\"excerpt-hellip\"> [\u2026]<\/span><\/p>\n","protected":false},"author":1,"featured_media":0,"parent":0,"menu_order":0,"comment_status":"closed","ping_status":"closed","template":"","meta":{"_themeisle_gutenberg_block_has_review":false,"footnotes":""},"class_list":["post-1428","page","type-page","status-publish","hentry"],"_links":{"self":[{"href":"https:\/\/www.emkagrupas.com\/tr_tr\/wp-json\/wp\/v2\/pages\/1428","targetHints":{"allow":["GET"]}}],"collection":[{"href":"https:\/\/www.emkagrupas.com\/tr_tr\/wp-json\/wp\/v2\/pages"}],"about":[{"href":"https:\/\/www.emkagrupas.com\/tr_tr\/wp-json\/wp\/v2\/types\/page"}],"author":[{"embeddable":true,"href":"https:\/\/www.emkagrupas.com\/tr_tr\/wp-json\/wp\/v2\/users\/1"}],"replies":[{"embeddable":true,"href":"https:\/\/www.emkagrupas.com\/tr_tr\/wp-json\/wp\/v2\/comments?post=1428"}],"version-history":[{"count":8,"href":"https:\/\/www.emkagrupas.com\/tr_tr\/wp-json\/wp\/v2\/pages\/1428\/revisions"}],"predecessor-version":[{"id":1902,"href":"https:\/\/www.emkagrupas.com\/tr_tr\/wp-json\/wp\/v2\/pages\/1428\/revisions\/1902"}],"wp:attachment":[{"href":"https:\/\/www.emkagrupas.com\/tr_tr\/wp-json\/wp\/v2\/media?parent=1428"}],"curies":[{"name":"wp","href":"https:\/\/api.w.org\/{rel}","templated":true}]}}