{"id":515,"date":"2023-03-23T13:31:02","date_gmt":"2023-03-23T13:31:02","guid":{"rendered":"https:\/\/www.emkagrupas.com\/?page_id=515"},"modified":"2025-01-01T23:37:23","modified_gmt":"2025-01-01T20:37:23","slug":"emkagrupas","status":"publish","type":"page","link":"https:\/\/www.emkagrupas.com\/tr_tr\/emkagrupas\/","title":{"rendered":"Emka Grup A.\u015e."},"content":{"rendered":"\t\t<div data-elementor-type=\"wp-page\" data-elementor-id=\"515\" class=\"elementor elementor-515\" data-elementor-settings=\"{&quot;ha_cmc_init_switcher&quot;:&quot;no&quot;}\">\n\t\t\t\t\t\t<section class=\"elementor-section elementor-top-section elementor-element elementor-element-89e555f elementor-section-full_width elementor-section-stretched elementor-section-height-default elementor-section-height-default\" data-id=\"89e555f\" data-element_type=\"section\" data-settings=\"{&quot;stretch_section&quot;:&quot;section-stretched&quot;,&quot;background_background&quot;:&quot;classic&quot;,&quot;_ha_eqh_enable&quot;:false}\">\n\t\t\t\t\t\t\t<div class=\"elementor-background-overlay\"><\/div>\n\t\t\t\t\t\t\t<div class=\"elementor-container elementor-column-gap-no\">\n\t\t\t\t\t<div class=\"elementor-column elementor-col-100 elementor-top-column elementor-element elementor-element-8558085\" data-id=\"8558085\" data-element_type=\"column\">\n\t\t\t<div class=\"elementor-widget-wrap elementor-element-populated\">\n\t\t\t\t\t\t<div class=\"elementor-element elementor-element-9e05652 elementor-widget elementor-widget-heading\" data-id=\"9e05652\" data-element_type=\"widget\" data-widget_type=\"heading.default\">\n\t\t\t\t<div class=\"elementor-widget-container\">\n\t\t\t\t\t<h2 class=\"elementor-heading-title elementor-size-default\">Emka Grup A.\u015e.<\/h2>\t\t\t\t<\/div>\n\t\t\t\t<\/div>\n\t\t\t\t\t<\/div>\n\t\t<\/div>\n\t\t\t\t\t<\/div>\n\t\t<\/section>\n\t\t\t\t<section class=\"elementor-section elementor-top-section elementor-element elementor-element-cab9b38 elementor-section-stretched elementor-section-boxed elementor-section-height-default elementor-section-height-default\" data-id=\"cab9b38\" data-element_type=\"section\" data-settings=\"{&quot;stretch_section&quot;:&quot;section-stretched&quot;,&quot;background_background&quot;:&quot;gradient&quot;,&quot;_ha_eqh_enable&quot;:false}\">\n\t\t\t\t\t\t<div class=\"elementor-container elementor-column-gap-default\">\n\t\t\t\t\t<div class=\"elementor-column elementor-col-50 elementor-top-column elementor-element elementor-element-210e6cf\" data-id=\"210e6cf\" data-element_type=\"column\">\n\t\t\t<div class=\"elementor-widget-wrap elementor-element-populated\">\n\t\t\t\t\t\t<div class=\"elementor-element elementor-element-c6abffd elementor-widget elementor-widget-text-editor\" data-id=\"c6abffd\" data-element_type=\"widget\" data-widget_type=\"text-editor.default\">\n\t\t\t\t<div class=\"elementor-widget-container\">\n\t\t\t\t\t\t\t\t\t<p><strong>Emka Grup A.\u015e.<\/strong>, benimsedi\u011fi de\u011ferlerle, \u00fcstlendi\u011fi projeleri i\u015f eti\u011fi ve \u00e7evre sa\u011fl\u0131\u011f\u0131na \u00f6zen g\u00f6stererek zaman\u0131nda ve uluslararas\u0131 standartlarda hayata ge\u00e7irmektedir.<\/p><p>G\u00fcven kazanmay\u0131 di\u011fer kazan\u00e7lar\u0131n \u00f6n\u00fcnde tutar. S\u00fcrd\u00fcr\u00fclebilir ba\u015far\u0131n\u0131n temel \u00f6\u011fesi olarak g\u00fcven, kurum k\u00fclt\u00fcr\u00fcm\u00fcz\u00fcn en \u00f6nemli de\u011feridir. \u00c7al\u0131\u015fanlar\u0131m\u0131zdan, i\u015f ortaklar\u0131m\u0131zdan, m\u00fc\u015fterilerimizden ve toplumdan gelen g\u00fcven, bizim i\u00e7in kritik bir \u00f6neme sahiptir.<\/p><p>Topluma sayg\u0131 ilkesi \u00e7er\u00e7evesinde, sosyal sorumluluk faaliyetlerini i\u015fimizin bir par\u00e7as\u0131 olarak g\u00f6r\u00fcyor ve topluma, e\u011fitime ve k\u00fclt\u00fcre katk\u0131 sa\u011flayacak projeler geli\u015ftiriyoruz. Bu t\u00fcr projelere s\u00fcrekli destek veriyoruz.<\/p>\t\t\t\t\t\t\t\t<\/div>\n\t\t\t\t<\/div>\n\t\t\t\t\t<\/div>\n\t\t<\/div>\n\t\t\t\t<div class=\"elementor-column elementor-col-50 elementor-top-column elementor-element elementor-element-caf27a0\" data-id=\"caf27a0\" data-element_type=\"column\">\n\t\t\t<div class=\"elementor-widget-wrap elementor-element-populated\">\n\t\t\t\t\t\t<div class=\"elementor-element elementor-element-f0929bf elementor-widget elementor-widget-image\" data-id=\"f0929bf\" data-element_type=\"widget\" data-widget_type=\"image.default\">\n\t\t\t\t<div class=\"elementor-widget-container\">\n\t\t\t\t\t\t\t\t\t\t\t\t\t\t\t<img fetchpriority=\"high\" decoding=\"async\" width=\"1024\" height=\"576\" src=\"https:\/\/www.emkagrupas.com\/wp-content\/uploads\/2024\/01\/emkagrupas-h-urun1-1024x576.jpg\" class=\"attachment-large size-large wp-image-1129\" alt=\"\" srcset=\"https:\/\/www.emkagrupas.com\/wp-content\/uploads\/2024\/01\/emkagrupas-h-urun1-1024x576.jpg 1024w, https:\/\/www.emkagrupas.com\/wp-content\/uploads\/2024\/01\/emkagrupas-h-urun1-300x169.jpg 300w, https:\/\/www.emkagrupas.com\/wp-content\/uploads\/2024\/01\/emkagrupas-h-urun1-768x432.jpg 768w, https:\/\/www.emkagrupas.com\/wp-content\/uploads\/2024\/01\/emkagrupas-h-urun1-1536x864.jpg 1536w, https:\/\/www.emkagrupas.com\/wp-content\/uploads\/2024\/01\/emkagrupas-h-urun1-260x146.jpg 260w, https:\/\/www.emkagrupas.com\/wp-content\/uploads\/2024\/01\/emkagrupas-h-urun1-50x28.jpg 50w, https:\/\/www.emkagrupas.com\/wp-content\/uploads\/2024\/01\/emkagrupas-h-urun1-133x75.jpg 133w, https:\/\/www.emkagrupas.com\/wp-content\/uploads\/2024\/01\/emkagrupas-h-urun1.jpg 1920w\" sizes=\"(max-width: 1024px) 100vw, 1024px\" \/>\t\t\t\t\t\t\t\t\t\t\t\t\t\t\t<\/div>\n\t\t\t\t<\/div>\n\t\t\t\t\t<\/div>\n\t\t<\/div>\n\t\t\t\t\t<\/div>\n\t\t<\/section>\n\t\t\t\t<section class=\"elementor-section elementor-top-section elementor-element elementor-element-512e21a elementor-section-content-middle elementor-section-stretched elementor-section-height-min-height elementor-section-boxed elementor-section-height-default elementor-section-items-middle\" data-id=\"512e21a\" data-element_type=\"section\" data-settings=\"{&quot;stretch_section&quot;:&quot;section-stretched&quot;,&quot;background_background&quot;:&quot;classic&quot;,&quot;_ha_eqh_enable&quot;:false}\">\n\t\t\t\t\t\t\t<div class=\"elementor-background-overlay\"><\/div>\n\t\t\t\t\t\t\t<div class=\"elementor-container elementor-column-gap-default\">\n\t\t\t\t\t<div class=\"elementor-column elementor-col-50 elementor-top-column elementor-element elementor-element-b3cebfa\" data-id=\"b3cebfa\" data-element_type=\"column\">\n\t\t\t<div class=\"elementor-widget-wrap elementor-element-populated\">\n\t\t\t\t\t\t<div class=\"elementor-element elementor-element-d7f4cc5 elementor-widget elementor-widget-text-editor\" data-id=\"d7f4cc5\" data-element_type=\"widget\" data-widget_type=\"text-editor.default\">\n\t\t\t\t<div class=\"elementor-widget-container\">\n\t\t\t\t\t\t\t\t\t<p>Emka Grup A.\u015e. ile kaliteli, yenilik\u00e7i \u00fcr\u00fcnler ve kapsaml\u0131 projeleri ke\u015ffetmeye haz\u0131r m\u0131s\u0131n\u0131z?<\/p><p>\u0130n\u015faat, Elektrik-Elektronik, Mekanik, Teknik Servis ve \u0130zolasyon, Is\u0131tma-So\u011futma ve Pompa Tesisat\u0131, Kazan, Br\u00fcl\u00f6r, Fancoil Kurulumu alan\u0131nda geni\u015f \u00fcr\u00fcn yelpazemizi inceleyin ve ihtiya\u00e7lar\u0131n\u0131za en uygun \u00e7\u00f6z\u00fcmleri bulun.<\/p>\t\t\t\t\t\t\t\t<\/div>\n\t\t\t\t<\/div>\n\t\t\t\t\t<\/div>\n\t\t<\/div>\n\t\t\t\t<div class=\"elementor-column elementor-col-50 elementor-top-column elementor-element elementor-element-0a34cb9\" data-id=\"0a34cb9\" data-element_type=\"column\">\n\t\t\t<div class=\"elementor-widget-wrap elementor-element-populated\">\n\t\t\t\t\t\t<div class=\"elementor-element elementor-element-ebbeb84 elementor-align-right elementor-mobile-align-center elementor-widget elementor-widget-button\" data-id=\"ebbeb84\" data-element_type=\"widget\" data-widget_type=\"button.default\">\n\t\t\t\t<div class=\"elementor-widget-container\">\n\t\t\t\t\t\t\t\t\t<div class=\"elementor-button-wrapper\">\n\t\t\t\t\t<a class=\"elementor-button elementor-button-link elementor-size-md\" href=\"https:\/\/www.emkagrupas.com\/iletisim\/\">\n\t\t\t\t\t\t<span class=\"elementor-button-content-wrapper\">\n\t\t\t\t\t\t\t\t\t<span class=\"elementor-button-text\">Bize Ula\u015f\u0131n<\/span>\n\t\t\t\t\t<\/span>\n\t\t\t\t\t<\/a>\n\t\t\t\t<\/div>\n\t\t\t\t\t\t\t\t<\/div>\n\t\t\t\t<\/div>\n\t\t\t\t\t<\/div>\n\t\t<\/div>\n\t\t\t\t\t<\/div>\n\t\t<\/section>\n\t\t\t\t<section class=\"elementor-section elementor-top-section elementor-element elementor-element-3a4bba4 elementor-section-stretched elementor-section-content-middle vizyon elementor-section-boxed elementor-section-height-default elementor-section-height-default\" data-id=\"3a4bba4\" data-element_type=\"section\" id=\"vizyon\" data-settings=\"{&quot;stretch_section&quot;:&quot;section-stretched&quot;,&quot;background_background&quot;:&quot;gradient&quot;,&quot;_ha_eqh_enable&quot;:false}\">\n\t\t\t\t\t\t<div class=\"elementor-container elementor-column-gap-default\">\n\t\t\t\t\t<div class=\"elementor-column elementor-col-50 elementor-top-column elementor-element elementor-element-2b447b2\" data-id=\"2b447b2\" data-element_type=\"column\">\n\t\t\t<div class=\"elementor-widget-wrap elementor-element-populated\">\n\t\t\t\t\t\t<div class=\"elementor-element elementor-element-5993f89 elementor-widget elementor-widget-image\" data-id=\"5993f89\" data-element_type=\"widget\" data-widget_type=\"image.default\">\n\t\t\t\t<div class=\"elementor-widget-container\">\n\t\t\t\t\t\t\t\t\t\t\t\t\t\t\t<img decoding=\"async\" width=\"1024\" height=\"576\" src=\"https:\/\/www.emkagrupas.com\/wp-content\/uploads\/2024\/01\/emkagrupas-galeri8-1024x576.jpg\" class=\"attachment-large size-large wp-image-1150\" alt=\"\" srcset=\"https:\/\/www.emkagrupas.com\/wp-content\/uploads\/2024\/01\/emkagrupas-galeri8-1024x576.jpg 1024w, https:\/\/www.emkagrupas.com\/wp-content\/uploads\/2024\/01\/emkagrupas-galeri8-300x169.jpg 300w, https:\/\/www.emkagrupas.com\/wp-content\/uploads\/2024\/01\/emkagrupas-galeri8-768x432.jpg 768w, https:\/\/www.emkagrupas.com\/wp-content\/uploads\/2024\/01\/emkagrupas-galeri8-1536x864.jpg 1536w, https:\/\/www.emkagrupas.com\/wp-content\/uploads\/2024\/01\/emkagrupas-galeri8-260x146.jpg 260w, https:\/\/www.emkagrupas.com\/wp-content\/uploads\/2024\/01\/emkagrupas-galeri8-50x28.jpg 50w, https:\/\/www.emkagrupas.com\/wp-content\/uploads\/2024\/01\/emkagrupas-galeri8-133x75.jpg 133w, https:\/\/www.emkagrupas.com\/wp-content\/uploads\/2024\/01\/emkagrupas-galeri8.jpg 1920w\" sizes=\"(max-width: 1024px) 100vw, 1024px\" \/>\t\t\t\t\t\t\t\t\t\t\t\t\t\t\t<\/div>\n\t\t\t\t<\/div>\n\t\t\t\t\t<\/div>\n\t\t<\/div>\n\t\t\t\t<div class=\"elementor-column elementor-col-50 elementor-top-column elementor-element elementor-element-83d5d7e\" data-id=\"83d5d7e\" data-element_type=\"column\">\n\t\t\t<div class=\"elementor-widget-wrap elementor-element-populated\">\n\t\t\t\t\t\t<div class=\"elementor-element elementor-element-65f85e9 elementor-widget elementor-widget-text-editor\" data-id=\"65f85e9\" data-element_type=\"widget\" data-widget_type=\"text-editor.default\">\n\t\t\t\t<div class=\"elementor-widget-container\">\n\t\t\t\t\t\t\t\t\t<p>Emka Grup A.\u015e.&#8217;nin vizyonu, teknolojiyi yenilik\u00e7i bir \u015fekilde kullanarak m\u00fc\u015fteri taleplerine \u00f6zel \u00e7\u00f6z\u00fcmler sunmakt\u0131r. S\u00fcrekli olarak g\u00fcvenilirli\u011fi ve etik de\u011ferleri \u00f6n planda tutarak, sekt\u00f6rde lider bir konum elde etmeyi ama\u00e7lamaktad\u0131r.<\/p><p>Topluma sayg\u0131 ilkesiyle sosyal sorumluluklar\u0131 i\u015f k\u00fclt\u00fcr\u00fcn\u00fcn bir par\u00e7as\u0131 olarak g\u00f6ren \u015firket, geni\u015f \u00fcr\u00fcn yelpazesi ve uzmanl\u0131k alanlar\u0131yla in\u015faat, elektrik-elektronik, mekanik, teknik servis, izolasyon, \u0131s\u0131tma-so\u011futma ve pompa tesisat\u0131, kazan, br\u00fcl\u00f6r, fancoil kurulumu gibi alanlarda en iyi \u00e7\u00f6z\u00fcmleri sunarak m\u00fc\u015fteri memnuniyetini en \u00fcst seviyeye \u00e7\u0131karmay\u0131 hedeflemektedir.<\/p>\t\t\t\t\t\t\t\t<\/div>\n\t\t\t\t<\/div>\n\t\t\t\t<div class=\"elementor-element elementor-element-bb31207 elementor-widget elementor-widget-text-editor\" data-id=\"bb31207\" data-element_type=\"widget\" data-widget_type=\"text-editor.default\">\n\t\t\t\t<div class=\"elementor-widget-container\">\n\t\t\t\t\t\t\t\t\t<p>Emka Grup A.\u015e.&#8217;nin misyonu, benimsedi\u011fi de\u011ferlerle birlikte i\u015f eti\u011fi ve \u00e7evre sa\u011fl\u0131\u011f\u0131na \u00f6zen g\u00f6stererek \u00fcstlendi\u011fi projeleri zaman\u0131nda ve d\u00fcnya standartlar\u0131nda hayata ge\u00e7irmektir.<\/p><p>G\u00fcveni \u00f6n planda tutarak s\u00fcrd\u00fcr\u00fclebilir ba\u015far\u0131 i\u00e7in temel \u00f6\u011fe olarak g\u00f6rd\u00fc\u011f\u00fc g\u00fcven, kurum k\u00fclt\u00fcr\u00fcn\u00fcn en \u00f6nemli de\u011feridir. \u00c7al\u0131\u015fanlar\u0131ndan, i\u015f ortaklar\u0131ndan, m\u00fc\u015fterilerinden ve toplumdan gelen g\u00fcven, \u015firket i\u00e7in kritik bir \u00f6neme sahiptir.<\/p>\t\t\t\t\t\t\t\t<\/div>\n\t\t\t\t<\/div>\n\t\t\t\t\t<\/div>\n\t\t<\/div>\n\t\t\t\t\t<\/div>\n\t\t<\/section>\n\t\t\t\t<\/div>\n\t\t","protected":false},"excerpt":{"rendered":"<p>Emka Grup A.\u015e. Emka Grup A.\u015e., benimsedi\u011fi de\u011ferlerle, \u00fcstlendi\u011fi projeleri i\u015f eti\u011fi ve \u00e7evre sa\u011fl\u0131\u011f\u0131na \u00f6zen g\u00f6stererek zaman\u0131nda ve uluslararas\u0131 standartlarda hayata ge\u00e7irmektedir. G\u00fcven kazanmay\u0131 di\u011fer<span class=\"excerpt-hellip\"> [\u2026]<\/span><\/p>\n","protected":false},"author":1,"featured_media":0,"parent":0,"menu_order":0,"comment_status":"closed","ping_status":"closed","template":"","meta":{"_themeisle_gutenberg_block_has_review":false,"footnotes":""},"class_list":["post-515","page","type-page","status-publish","hentry"],"_links":{"self":[{"href":"https:\/\/www.emkagrupas.com\/tr_tr\/wp-json\/wp\/v2\/pages\/515","targetHints":{"allow":["GET"]}}],"collection":[{"href":"https:\/\/www.emkagrupas.com\/tr_tr\/wp-json\/wp\/v2\/pages"}],"about":[{"href":"https:\/\/www.emkagrupas.com\/tr_tr\/wp-json\/wp\/v2\/types\/page"}],"author":[{"embeddable":true,"href":"https:\/\/www.emkagrupas.com\/tr_tr\/wp-json\/wp\/v2\/users\/1"}],"replies":[{"embeddable":true,"href":"https:\/\/www.emkagrupas.com\/tr_tr\/wp-json\/wp\/v2\/comments?post=515"}],"version-history":[{"count":53,"href":"https:\/\/www.emkagrupas.com\/tr_tr\/wp-json\/wp\/v2\/pages\/515\/revisions"}],"predecessor-version":[{"id":1991,"href":"https:\/\/www.emkagrupas.com\/tr_tr\/wp-json\/wp\/v2\/pages\/515\/revisions\/1991"}],"wp:attachment":[{"href":"https:\/\/www.emkagrupas.com\/tr_tr\/wp-json\/wp\/v2\/media?parent=515"}],"curies":[{"name":"wp","href":"https:\/\/api.w.org\/{rel}","templated":true}]}}